{"id":417,"date":"2024-04-04T12:47:58","date_gmt":"2024-04-04T12:47:58","guid":{"rendered":"https:\/\/www.pro-gendering.eu\/?page_id=417"},"modified":"2026-03-09T07:14:53","modified_gmt":"2026-03-09T07:14:53","slug":"ergebnisse-outputs","status":"publish","type":"page","link":"https:\/\/www.pro-gendering.eu\/?page_id=417&lang=de","title":{"rendered":"Ergebnisse &#038; Outputs"},"content":{"rendered":"<p>[et_pb_section fb_built=&#8221;1&#8243; admin_label=&#8221;Header&#8221; _builder_version=&#8221;4.24.2&#8243; _module_preset=&#8221;default&#8221; background_color=&#8221;#e5e7ea&#8221; use_background_color_gradient=&#8221;on&#8221; background_color_gradient_direction=&#8221;90deg&#8221; background_color_gradient_stops=&#8221;rgba(0,0,0,0) 50%|rgba(199,93,163,0.51) 50%&#8221; background_color_gradient_overlays_image=&#8221;on&#8221; background_color_gradient_start=&#8221;rgba(0,0,0,0)&#8221; background_color_gradient_start_position=&#8221;50%&#8221; background_color_gradient_end=&#8221;#92a5ab&#8221; background_color_gradient_end_position=&#8221;50%&#8221; background_image=&#8221;https:\/\/www.pro-gendering.eu\/wp-content\/uploads\/2024\/02\/estate-planning-77.png&#8221; background_position=&#8221;top_left&#8221; height=&#8221;339px&#8221; custom_padding=&#8221;||40px||false|false&#8221; bottom_divider_color=&#8221;#FFFFFF&#8221; bottom_divider_height=&#8221;4vw&#8221; locked=&#8221;off&#8221; global_colors_info=&#8221;{%22gcid-af512a5f-530a-4e80-bfc4-3632d9174c8b%22:%91%93,%22gcid-b593ef39-6aba-4318-8d2d-133b31113704%22:%91%93}&#8221;][et_pb_row column_structure=&#8221;1_2,1_2&#8243; _builder_version=&#8221;4.24.2&#8243; _module_preset=&#8221;default&#8221; custom_padding=&#8221;0px||||false|false&#8221; global_colors_info=&#8221;{}&#8221;][et_pb_column type=&#8221;1_2&#8243; _builder_version=&#8221;4.24.2&#8243; _module_preset=&#8221;default&#8221; custom_padding=&#8221;5%||8vw||false|false&#8221; custom_padding_tablet=&#8221;0vw||0vw||true|false&#8221; custom_padding_phone=&#8221;&#8221; custom_padding_last_edited=&#8221;on|tablet&#8221; global_colors_info=&#8221;{}&#8221;][et_pb_divider color=&#8221;#c75da3&#8243; divider_weight=&#8221;5px&#8221; _builder_version=&#8221;4.24.2&#8243; _module_preset=&#8221;default&#8221; max_width=&#8221;50px&#8221; custom_margin=&#8221;||0px||false|false&#8221; global_colors_info=&#8221;{}&#8221;][\/et_pb_divider][et_pb_text _builder_version=&#8221;4.24.3&#8243; _module_preset=&#8221;b3e3ff14-5f5c-4608-8ecf-1885ce3da7aa&#8221; header_font=&#8221;Manrope|800|||||||&#8221; header_text_color=&#8221;#747d8c&#8221; header_font_size=&#8221;50px&#8221; custom_margin=&#8221;||10px||false|false&#8221; header_font_size_tablet=&#8221;40px&#8221; header_font_size_phone=&#8221;24px&#8221; header_font_size_last_edited=&#8221;on|desktop&#8221; global_colors_info=&#8221;{}&#8221;]<\/p>\n<h1>Ergebnisse &amp; Outputs<\/h1>\n<p>[\/et_pb_text][\/et_pb_column][et_pb_column type=&#8221;1_2&#8243; _builder_version=&#8221;4.16&#8243; _module_preset=&#8221;default&#8221; global_colors_info=&#8221;{}&#8221;][et_pb_image src=&#8221;https:\/\/www.pro-gendering.eu\/wp-content\/uploads\/2024\/02\/estate-planning-53.png&#8221; title_text=&#8221;estate-planning-53&#8243; align=&#8221;right&#8221; align_tablet=&#8221;center&#8221; align_phone=&#8221;&#8221; align_last_edited=&#8221;on|tablet&#8221; _builder_version=&#8221;4.24.2&#8243; _module_preset=&#8221;default&#8221; width=&#8221;68%&#8221; custom_margin=&#8221;-40%||||false|false&#8221; custom_margin_tablet=&#8221;0%||||false|false&#8221; custom_margin_phone=&#8221;&#8221; custom_margin_last_edited=&#8221;on|desktop&#8221; border_radii=&#8221;on|50%|50%|50%|50%&#8221; global_colors_info=&#8221;{}&#8221;][\/et_pb_image][et_pb_image src=&#8221;https:\/\/www.pro-gendering.eu\/wp-content\/uploads\/2024\/02\/results.jpg&#8221; title_text=&#8221;results&#8221; align=&#8221;right&#8221; align_tablet=&#8221;center&#8221; align_phone=&#8221;&#8221; align_last_edited=&#8221;on|tablet&#8221; _builder_version=&#8221;4.24.2&#8243; _module_preset=&#8221;default&#8221; width=&#8221;66%&#8221; custom_margin=&#8221;-40%||||false|false&#8221; custom_margin_tablet=&#8221;0%||||false|false&#8221; custom_margin_phone=&#8221;0%||||false|false&#8221; custom_margin_last_edited=&#8221;on|desktop&#8221; filter_saturate=&#8221;0%&#8221; filter_brightness=&#8221;117%&#8221; border_radii=&#8221;on|50%|50%|50%|50%&#8221; global_colors_info=&#8221;{}&#8221;][\/et_pb_image][\/et_pb_column][\/et_pb_row][\/et_pb_section][et_pb_section fb_built=&#8221;1&#8243; admin_label=&#8221;About&#8221; _builder_version=&#8221;4.24.2&#8243; _module_preset=&#8221;default&#8221; background_color=&#8221;#f1f2f6&#8243; background_enable_image=&#8221;off&#8221; custom_padding=&#8221;5vw||226px||false|false&#8221; locked=&#8221;off&#8221; global_colors_info=&#8221;{}&#8221;][et_pb_row _builder_version=&#8221;4.24.2&#8243; _module_preset=&#8221;default&#8221; global_colors_info=&#8221;{}&#8221;][et_pb_column type=&#8221;4_4&#8243; _builder_version=&#8221;4.24.2&#8243; _module_preset=&#8221;default&#8221; global_colors_info=&#8221;{}&#8221;][et_pb_toggle title=&#8221;Handbuch zur Umsetzung von Gleichstellungspl\u00e4nen in Hochschuleinrichtungen&#8221; _builder_version=&#8221;4.27.4&#8243; _module_preset=&#8221;default&#8221; title_font_size=&#8221;25px&#8221; body_font_size=&#8221;16px&#8221; background_color=&#8221;#FFFFFF&#8221; box_shadow_style=&#8221;preset2&#8243; global_colors_info=&#8221;{}&#8221;]<\/p>\n<p>Ein Handbuch mit innovativen Methoden und Instrumenten zur Unterst\u00fctzung von Hochschuleinrichtungen bei der Anwendung, \u00dcberwachung und Bewertung der Umsetzung ihrer GEP. Die Ergebnisse werden dazu beitragen, die Kultur der Geschlechtergleichstellung an Hochschulen zu f\u00f6rdern.<\/p>\n<p>Der Schwerpunkt liegt auf Ma\u00dfnahmen zur Sensibilisierung f\u00fcr die Gleichstellung der Geschlechter, auf Ma\u00dfnahmen gegen geschlechtsspezifische Gewalt und auf eine inklusive Hochschullandschaft mit einem zug\u00e4nglichen Arbeits- und Lernumfeld, in dem jeder mit Respekt behandelt wird.<\/p>\n<p>Zu diesem Zweck werden L\u00e4nderberichte erstellt, indem auf nationaler Ebene Untersuchungen zu den Ressourcen und dem Bedarf f\u00fcr die Umsetzung der GEP durchgef\u00fchrt werden, sowie ein Online-Bericht als Ausarbeitung des vergleichenden Google Slide Book.<\/p>\n<p>Verf\u00fcgbar in Englisch, Italienisch, Polnisch, Griechisch, Litauisch, Deutsch und Niederl\u00e4ndisch.<\/p>\n<p style=\"text-align: center;\"><div class=\"_df_book df-lite\" id=\"df_740\"  _slug=\"handbook-de\" data-title=\"handbook-de\" wpoptions=\"true\" thumbtype=\"\" ><\/div><script class=\"df-shortcode-script\" nowprocket type=\"application\/javascript\">window.option_df_740 = {\"outline\":[],\"autoEnableOutline\":\"false\",\"autoEnableThumbnail\":\"false\",\"overwritePDFOutline\":\"false\",\"direction\":\"1\",\"pageSize\":\"0\",\"source\":\"https:\\\/\\\/www.pro-gendering.eu\\\/wp-content\\\/uploads\\\/2025\\\/04\\\/PR2_Handbook-for-implementing_Progendering_GermanyLMU.pdf\",\"wpOptions\":\"true\"}; if(window.DFLIP && window.DFLIP.parseBooks){window.DFLIP.parseBooks();}<\/script><\/p>\n<p style=\"text-align: center;\"><a href=\"https:\/\/www.pro-gendering.eu\/wp-content\/uploads\/2025\/04\/PR2_Handbook-for-implementing_Progendering_GermanyLMU.pdf\" target=\"_blank\" rel=\"noopener\"><strong>Hier herunterladen<\/strong><\/a><\/p>\n<p>[\/et_pb_toggle][et_pb_toggle title=&#8221;Toolkit zur Sensibilisierung &#8221; _builder_version=&#8221;4.27.6&#8243; _module_preset=&#8221;default&#8221; title_font_size=&#8221;25px&#8221; body_font_size=&#8221;16px&#8221; background_color=&#8221;#FFFFFF&#8221; hover_enabled=&#8221;0&#8243; box_shadow_style=&#8221;preset2&#8243; global_colors_info=&#8221;{}&#8221; sticky_enabled=&#8221;0&#8243;]<\/p>\n<p>Das Toolkit enth\u00e4lt verschiedene Instrumente, die sich an Studierende richten.<\/p>\n<p>Die Instrumente bieten Leitlinien f\u00fcr die Festlegung von Zielen, die Strukturierung von Botschaften, die Auswahl geeigneter Mittel und\/oder Medien\/Werkzeuge, die Erstellung von Aktionspl\u00e4nen sowie Informationen, Ressourcen, Material und Beispiele f\u00fcr Aktivit\u00e4ten (z. B. Informationsbl\u00e4tter, Fallstudien, Bildmaterial) uvm.<\/p>\n<p>Das Toolkit enth\u00e4lt geschlechtsspezifische Abschnitte (z. B. Instrumente zur Reflexion der eigenen Geschlechtssituation an der Universit\u00e4t oder F\u00e4lle von geschlechtsspezifischer Voreingenommenheit an der Universit\u00e4t).<\/p>\n<p>Das Toolkit kann Aktivit\u00e4ten und Informationen zu verschiedenen Bereichen enthalten (z. B. integrative Organisationskultur und Vereinbarkeit von Berufs- und Privatleben; Gleichstellung von Frauen und M\u00e4nnern in der Verwaltung; Gleichstellung bei Einstellung und Karriere; geschlechtsspezifischer Ansatz in Forschung und Lehre; Ma\u00dfnahmen gegen Stereotype, Gewalt und Bel\u00e4stigung).<\/p>\n<p>Verf\u00fcgbar in Englisch, Italienisch, Polnisch, Griechisch, Litauisch, Deutsch und Niederl\u00e4ndisch.<\/p>\n<p><span><div class=\"_df_book df-lite\" id=\"df_821\"  _slug=\"toolkit-de\" data-title=\"toolkit-de\" wpoptions=\"true\" thumbtype=\"\" ><\/div><script class=\"df-shortcode-script\" nowprocket type=\"application\/javascript\">window.option_df_821 = {\"outline\":[],\"autoEnableOutline\":\"false\",\"autoEnableThumbnail\":\"false\",\"overwritePDFOutline\":\"false\",\"direction\":\"1\",\"pageSize\":\"0\",\"source\":\"https:\\\/\\\/www.pro-gendering.eu\\\/wp-content\\\/uploads\\\/2026\\\/03\\\/Progendering_WP3_ART_TOOLKIT_DE.pdf\",\"wpOptions\":\"true\"}; if(window.DFLIP && window.DFLIP.parseBooks){window.DFLIP.parseBooks();}<\/script><\/span><\/p>\n<p>[\/et_pb_toggle][et_pb_toggle title=&#8221;Nationale Politikberichte&#8221; _builder_version=&#8221;4.24.3&#8243; _module_preset=&#8221;default&#8221; title_font_size=&#8221;25px&#8221; body_font_size=&#8221;16px&#8221; background_color=&#8221;#FFFFFF&#8221; box_shadow_style=&#8221;preset2&#8243; global_colors_info=&#8221;{}&#8221;]<\/p>\n<p>Auf der Grundlage der Folgenabsch\u00e4tzung der Projektergebnisse und der daraus gezogenen Lehren erstellt jeder Partner einen politischen Bericht in seiner Landessprache, in dem er bew\u00e4hrte Verfahren und politische Empfehlungen f\u00fcr alle relevanten Interessengruppen vorstellt.<\/p>\n<p>Dies wird dazu beitragen, den politischen Dialog nicht nur zwischen den wichtigsten Interessengruppen, sondern auch mit einem breiteren Publikum zu f\u00f6rdern.<\/p>\n<p>Verf\u00fcgbar in Englisch, Italienisch, Polnisch, Griechisch, Litauisch, Deutsch und Niederl\u00e4ndisch.<\/p>\n<p>[\/et_pb_toggle][\/et_pb_column][\/et_pb_row][\/et_pb_section]<\/p>\n","protected":false},"excerpt":{"rendered":"<p>Ergebnisse &amp; OutputsEin Handbuch mit innovativen Methoden und Instrumenten zur Unterst\u00fctzung von Hochschuleinrichtungen bei der Anwendung, \u00dcberwachung und Bewertung der Umsetzung ihrer GEP. Die Ergebnisse werden dazu beitragen, die Kultur der Geschlechtergleichstellung an Hochschulen zu f\u00f6rdern. Der Schwerpunkt liegt auf Ma\u00dfnahmen zur Sensibilisierung f\u00fcr die Gleichstellung der Geschlechter, auf Ma\u00dfnahmen gegen geschlechtsspezifische Gewalt und auf [&hellip;]<\/p>\n","protected":false},"author":3,"featured_media":0,"parent":0,"menu_order":0,"comment_status":"closed","ping_status":"closed","template":"","meta":{"_et_pb_use_builder":"on","_et_pb_old_content":"","_et_gb_content_width":"","footnotes":""},"class_list":["post-417","page","type-page","status-publish","hentry"],"_links":{"self":[{"href":"https:\/\/www.pro-gendering.eu\/index.php?rest_route=\/wp\/v2\/pages\/417","targetHints":{"allow":["GET"]}}],"collection":[{"href":"https:\/\/www.pro-gendering.eu\/index.php?rest_route=\/wp\/v2\/pages"}],"about":[{"href":"https:\/\/www.pro-gendering.eu\/index.php?rest_route=\/wp\/v2\/types\/page"}],"author":[{"embeddable":true,"href":"https:\/\/www.pro-gendering.eu\/index.php?rest_route=\/wp\/v2\/users\/3"}],"replies":[{"embeddable":true,"href":"https:\/\/www.pro-gendering.eu\/index.php?rest_route=%2Fwp%2Fv2%2Fcomments&post=417"}],"version-history":[{"count":5,"href":"https:\/\/www.pro-gendering.eu\/index.php?rest_route=\/wp\/v2\/pages\/417\/revisions"}],"predecessor-version":[{"id":824,"href":"https:\/\/www.pro-gendering.eu\/index.php?rest_route=\/wp\/v2\/pages\/417\/revisions\/824"}],"wp:attachment":[{"href":"https:\/\/www.pro-gendering.eu\/index.php?rest_route=%2Fwp%2Fv2%2Fmedia&parent=417"}],"curies":[{"name":"wp","href":"https:\/\/api.w.org\/{rel}","templated":true}]}}