{"id":422,"date":"2024-04-04T12:51:08","date_gmt":"2024-04-04T12:51:08","guid":{"rendered":"https:\/\/www.pro-gendering.eu\/?page_id=422"},"modified":"2024-04-04T12:53:33","modified_gmt":"2024-04-04T12:53:33","slug":"partner","status":"publish","type":"page","link":"https:\/\/www.pro-gendering.eu\/?page_id=422&lang=de","title":{"rendered":"Partner"},"content":{"rendered":"<p>[et_pb_section fb_built=&#8221;1&#8243; admin_label=&#8221;Header&#8221; _builder_version=&#8221;4.24.2&#8243; _module_preset=&#8221;default&#8221; background_color=&#8221;#e5e7ea&#8221; use_background_color_gradient=&#8221;on&#8221; background_color_gradient_direction=&#8221;90deg&#8221; background_color_gradient_stops=&#8221;rgba(0,0,0,0) 50%|rgba(199,93,163,0.51) 50%&#8221; background_color_gradient_overlays_image=&#8221;on&#8221; background_color_gradient_start=&#8221;rgba(0,0,0,0)&#8221; background_color_gradient_start_position=&#8221;50%&#8221; background_color_gradient_end=&#8221;#92a5ab&#8221; background_color_gradient_end_position=&#8221;50%&#8221; background_image=&#8221;https:\/\/www.pro-gendering.eu\/wp-content\/uploads\/2024\/02\/estate-planning-77.png&#8221; background_position=&#8221;top_left&#8221; height=&#8221;339px&#8221; custom_padding=&#8221;||40px||false|false&#8221; bottom_divider_color=&#8221;#FFFFFF&#8221; bottom_divider_height=&#8221;4vw&#8221; locked=&#8221;off&#8221; global_colors_info=&#8221;{%22gcid-af512a5f-530a-4e80-bfc4-3632d9174c8b%22:%91%93,%22gcid-b593ef39-6aba-4318-8d2d-133b31113704%22:%91%93}&#8221; theme_builder_area=&#8221;post_content&#8221;][et_pb_row column_structure=&#8221;1_2,1_2&#8243; _builder_version=&#8221;4.24.2&#8243; _module_preset=&#8221;default&#8221; custom_padding=&#8221;0px||||false|false&#8221; global_colors_info=&#8221;{}&#8221; theme_builder_area=&#8221;post_content&#8221;][et_pb_column type=&#8221;1_2&#8243; _builder_version=&#8221;4.24.2&#8243; _module_preset=&#8221;default&#8221; custom_padding=&#8221;5%||8vw||false|false&#8221; custom_padding_tablet=&#8221;0vw||0vw||true|false&#8221; custom_padding_phone=&#8221;&#8221; custom_padding_last_edited=&#8221;on|tablet&#8221; global_colors_info=&#8221;{}&#8221; theme_builder_area=&#8221;post_content&#8221;][et_pb_divider color=&#8221;#c75da3&#8243; divider_weight=&#8221;5px&#8221; _builder_version=&#8221;4.24.2&#8243; _module_preset=&#8221;default&#8221; max_width=&#8221;50px&#8221; custom_margin=&#8221;||0px||false|false&#8221; global_colors_info=&#8221;{}&#8221; theme_builder_area=&#8221;post_content&#8221;][\/et_pb_divider][et_pb_text _builder_version=&#8221;4.24.3&#8243; _module_preset=&#8221;b3e3ff14-5f5c-4608-8ecf-1885ce3da7aa&#8221; header_font=&#8221;Manrope|800|||||||&#8221; header_text_color=&#8221;#747d8c&#8221; header_font_size=&#8221;50px&#8221; custom_margin=&#8221;||10px||false|false&#8221; hover_enabled=&#8221;0&#8243; header_font_size_tablet=&#8221;40px&#8221; header_font_size_phone=&#8221;24px&#8221; header_font_size_last_edited=&#8221;on|desktop&#8221; global_colors_info=&#8221;{}&#8221; theme_builder_area=&#8221;post_content&#8221; sticky_enabled=&#8221;0&#8243;]<\/p>\n<h1>Partner<\/h1>\n<p>[\/et_pb_text][\/et_pb_column][et_pb_column type=&#8221;1_2&#8243; _builder_version=&#8221;4.16&#8243; _module_preset=&#8221;default&#8221; global_colors_info=&#8221;{}&#8221; theme_builder_area=&#8221;post_content&#8221;][et_pb_image src=&#8221;https:\/\/www.pro-gendering.eu\/wp-content\/uploads\/2024\/02\/estate-planning-53.png&#8221; title_text=&#8221;estate-planning-53&#8243; align=&#8221;right&#8221; align_tablet=&#8221;center&#8221; align_phone=&#8221;&#8221; align_last_edited=&#8221;on|tablet&#8221; _builder_version=&#8221;4.24.2&#8243; _module_preset=&#8221;default&#8221; width=&#8221;68%&#8221; custom_margin=&#8221;-40%||||false|false&#8221; custom_margin_tablet=&#8221;0%||||false|false&#8221; custom_margin_phone=&#8221;&#8221; custom_margin_last_edited=&#8221;on|desktop&#8221; border_radii=&#8221;on|50%|50%|50%|50%&#8221; global_colors_info=&#8221;{}&#8221; theme_builder_area=&#8221;post_content&#8221;][\/et_pb_image][et_pb_image src=&#8221;https:\/\/www.pro-gendering.eu\/wp-content\/uploads\/2024\/02\/puzzle.jpg&#8221; title_text=&#8221;puzzle&#8221; align=&#8221;right&#8221; align_tablet=&#8221;center&#8221; align_phone=&#8221;&#8221; align_last_edited=&#8221;on|tablet&#8221; _builder_version=&#8221;4.24.2&#8243; _module_preset=&#8221;default&#8221; width=&#8221;66%&#8221; custom_margin=&#8221;-40%||||false|false&#8221; custom_margin_tablet=&#8221;0%||||false|false&#8221; custom_margin_phone=&#8221;0%||||false|false&#8221; custom_margin_last_edited=&#8221;on|desktop&#8221; filter_saturate=&#8221;0%&#8221; filter_brightness=&#8221;117%&#8221; border_radii=&#8221;on|50%|50%|50%|50%&#8221; global_colors_info=&#8221;{}&#8221; theme_builder_area=&#8221;post_content&#8221;][\/et_pb_image][\/et_pb_column][\/et_pb_row][\/et_pb_section][et_pb_section fb_built=&#8221;1&#8243; admin_label=&#8221;About&#8221; _builder_version=&#8221;4.24.2&#8243; _module_preset=&#8221;default&#8221; background_color=&#8221;#f1f2f6&#8243; custom_padding=&#8221;7vw||124px||false|false&#8221; global_colors_info=&#8221;{}&#8221; locked=&#8221;off&#8221; theme_builder_area=&#8221;post_content&#8221;][et_pb_row column_structure=&#8221;1_3,1_3,1_3&#8243; use_custom_gutter=&#8221;on&#8221; gutter_width=&#8221;2&#8243; _builder_version=&#8221;4.24.2&#8243; _module_preset=&#8221;default&#8221; global_colors_info=&#8221;{}&#8221; theme_builder_area=&#8221;post_content&#8221;][et_pb_column type=&#8221;1_3&#8243; _builder_version=&#8221;4.24.2&#8243; _module_preset=&#8221;default&#8221; global_colors_info=&#8221;{}&#8221; theme_builder_area=&#8221;post_content&#8221;][et_pb_blurb title=&#8221;Universit\u00e1 degli Studi di Macerata, Italien&#8221; image=&#8221;https:\/\/www.pro-gendering.eu\/wp-content\/uploads\/2024\/02\/unimc.jpg&#8221; _builder_version=&#8221;4.24.3&#8243; _module_preset=&#8221;default&#8221; header_font_size=&#8221;21px&#8221; header_line_height=&#8221;1.4em&#8221; body_font_size=&#8221;16px&#8221; link_option_url=&#8221;https:\/\/www.unimc.it\/it&#8221; link_option_url_new_window=&#8221;on&#8221; hover_enabled=&#8221;0&#8243; global_colors_info=&#8221;{}&#8221; theme_builder_area=&#8221;post_content&#8221; sticky_enabled=&#8221;0&#8243;]<\/p>\n<p>Die 1290 gegr\u00fcndete UNIMC ist eine der \u00e4ltesten Universit\u00e4ten Europas und die einzige Universit\u00e4t in Italien, die sich ausschlie\u00dflich auf Sozial-, Wirtschafts- und Geisteswissenschaften konzentriert. Den Studierenden wird ein breites Spektrum an Kursen angeboten, sowohl auf Italienisch als auch auf Englisch. Es wurden internationale Austauschprogramme mit 132 europ\u00e4ischen Institutionen eingerichtet, und mehrere Universit\u00e4ten aus Nicht-EU-L\u00e4ndern haben mit Macerata bilaterale Abkommen \u00fcber die Zusammenarbeit in Lehre und Forschung sowie Vertr\u00e4ge \u00fcber den Austausch von Studierenden unterzeichnet.<\/p>\n<p>Aufgabe der UNIMC ist es, durch den Mehrwert, den die Sozial- und Humanwissenschaften zum Verst\u00e4ndnis komplexer sozio\u00f6konomischer und politischer Fragen beitragen, in einer interdisziplin\u00e4ren Perspektive zur Entwicklung der Menschen und der Gesellschaft beizutragen.<\/p>\n<p>Die UNIMC kann dank der koordinierten und gezielten Ma\u00dfnahmen, die im Rahmen des Projekts &#8220;Inclusion 3.0&#8221; zur Unterst\u00fctzung von Studierenden mit Behinderungen und spezifischen Lernst\u00f6rungen durchgef\u00fchrt wurden, als integrative Hochschuleinrichtung bezeichnet werden. Die Ma\u00dfnahmen betreffen vor allem die St\u00e4rkung der universit\u00e4ren Dienstleistungen und Strategien zur Inklusion sowie die St\u00e4rkung der Prozesse im Zusammenhang mit der Unterst\u00fctzung der Lehre, der Vermittlung von Lehrinhalten und der Bewertung.<\/p>\n<p>[\/et_pb_blurb][\/et_pb_column][et_pb_column type=&#8221;1_3&#8243; _builder_version=&#8221;4.24.2&#8243; _module_preset=&#8221;default&#8221; global_colors_info=&#8221;{}&#8221; theme_builder_area=&#8221;post_content&#8221;][et_pb_blurb title=&#8221;KMOP &#8211; Bildungs- und Innovationszentrum, Griechenland&#8221; image=&#8221;https:\/\/www.pro-gendering.eu\/wp-content\/uploads\/2024\/04\/Education-Hub-logo-800&#215;500-1.png&#8221; _builder_version=&#8221;4.24.3&#8243; _module_preset=&#8221;default&#8221; header_font_size=&#8221;21px&#8221; header_line_height=&#8221;1.4em&#8221; body_font_size=&#8221;16px&#8221; link_option_url=&#8221;https:\/\/education-hub.kmop.org\/&#8221; link_option_url_new_window=&#8221;on&#8221; hover_enabled=&#8221;0&#8243; global_colors_info=&#8221;{}&#8221; theme_builder_area=&#8221;post_content&#8221; sticky_enabled=&#8221;0&#8243;]<\/p>\n<p>KMOP ist eine der \u00e4ltesten zivilgesellschaftlichen Organisationen in Griechenland und verf\u00fcgt \u00fcber 45 Jahre Erfahrung in der direkten Erbringung von Sozialdienstleistungen und der Umsetzung sozialer Initiativen zur Unterst\u00fctzung sozial schwacher Menschen.<\/p>\n<p>KMOP untersucht und analysiert dr\u00e4ngende gesellschaftliche Herausforderungen, um die Gesellschaft zu verstehen, schl\u00e4gt innovative Interventionen vor, bildet aus und entwickelt das Know-how, um soziale Fragen auf der Grundlage von Fairness, Innovation, Nachhaltigkeit und ausgewogener Entwicklung anzugehen. Es unterst\u00fctzt aktiv Einzelpersonen und Gemeinschaften durch die direkte Bereitstellung von sozialen Diensten und Bildungsm\u00f6glichkeiten, die Umsetzung innovativer Initiativen, Forschung und eine wirkungsvolle Politikgestaltung.<\/p>\n<p>Oberstes Ziel der KMOP ist es, zu einer wirksamen Gestaltung der Sozialpolitik beizutragen und wirkungsvolle Programme durchzuf\u00fchren, die das individuelle Wohlergehen f\u00f6rdern, Ungleichheiten verringern, Schwachstellen beseitigen und ein integratives und nachhaltiges soziales Wachstum unterst\u00fctzen.<\/p>\n<p>Mit dem Ziel, den sozialen Fortschritt durch Bildung zu f\u00f6rdern, hat KMOP Education Hub eine Reihe von Bildungsprogrammen f\u00fcr Einzelpersonen und Unternehmen entwickelt, die ihnen helfen, ihr soziales \u00d6kosystem zu steuern, um ihre Ziele zu erreichen und zu einer integrativeren, inklusiveren und nachhaltigeren Zukunft beizutragen.<\/p>\n<p>[\/et_pb_blurb][\/et_pb_column][et_pb_column type=&#8221;1_3&#8243; _builder_version=&#8221;4.24.2&#8243; _module_preset=&#8221;default&#8221; global_colors_info=&#8221;{}&#8221; theme_builder_area=&#8221;post_content&#8221;][et_pb_blurb title=&#8221;Spoleczna Akademia Nauk, Polen&#8221; image=&#8221;https:\/\/www.pro-gendering.eu\/wp-content\/uploads\/2024\/02\/spoleczna.jpg&#8221; _builder_version=&#8221;4.24.3&#8243; _module_preset=&#8221;default&#8221; header_font_size=&#8221;21px&#8221; header_line_height=&#8221;1.4em&#8221; body_font_size=&#8221;16px&#8221; link_option_url=&#8221;https:\/\/san.edu.pl\/&#8221; link_option_url_new_window=&#8221;on&#8221; hover_enabled=&#8221;0&#8243; global_colors_info=&#8221;{}&#8221; theme_builder_area=&#8221;post_content&#8221; sticky_enabled=&#8221;0&#8243;]<\/p>\n<p>Die Spo\u0142eczna Akademia Nauk (SAN &#8211; Universit\u00e4t f\u00fcr Sozialwissenschaften) ist eine der f\u00fchrenden privaten Universit\u00e4ten in Polen. Im Jahr 2004 wurde das Forschungsinstitut f\u00fcr Unternehmertum und wirtschaftliche Entwicklung gegr\u00fcndet &#8211; eine unabh\u00e4ngige Forschungseinheit, die Innovation und Unternehmertum unter den Studenten f\u00f6rdert und professionelles Know-how in diesem Bereich sicherstellt. Aufgrund der unternehmerischen Ausrichtung des Studienangebots und der sehr engen Zusammenarbeit mit zahlreichen Unternehmerorganisationen und -netzwerken hat die SAN einen breiten Zugang zu Personen, die an der Gr\u00fcndung eines eigenen Unternehmens interessiert sind. Die Universit\u00e4t hat zahlreiche Auszeichnungen f\u00fcr ihren Beitrag zur Wirtschaft erhalten.<\/p>\n<p>Als Wirtschaftshochschule legt die SAN gro\u00dfen Wert auf eine angemessene Berufsberatung der Studenten sowie auf die Steigerung ihres Potenzials auf dem Markt durch die Entwicklung einer unternehmerischen Einstellung.<\/p>\n<p>Innerhalb der Universit\u00e4t gibt es ein Zentrum f\u00fcr Selbstentwicklung (Berufsberatung f\u00fcr Randgruppen der Gesellschaft) und ein Academic Career Office, das die Rolle der Berufs- und Laufbahnberatung \u00fcbernimmt. Die SAN hat auch EU-Projekte im Bereich der Berufsberatung koordiniert.<\/p>\n<p>[\/et_pb_blurb][\/et_pb_column][\/et_pb_row][et_pb_row column_structure=&#8221;1_3,1_3,1_3&#8243; use_custom_gutter=&#8221;on&#8221; gutter_width=&#8221;2&#8243; _builder_version=&#8221;4.24.2&#8243; _module_preset=&#8221;default&#8221; global_colors_info=&#8221;{}&#8221; theme_builder_area=&#8221;post_content&#8221;][et_pb_column type=&#8221;1_3&#8243; _builder_version=&#8221;4.24.2&#8243; _module_preset=&#8221;default&#8221; global_colors_info=&#8221;{}&#8221; theme_builder_area=&#8221;post_content&#8221;][et_pb_blurb title=&#8221;Vrije Universiteit Brussel, Belgien&#8221; image=&#8221;https:\/\/www.pro-gendering.eu\/wp-content\/uploads\/2024\/02\/vrije.jpg&#8221; _builder_version=&#8221;4.24.3&#8243; _module_preset=&#8221;default&#8221; header_font_size=&#8221;21px&#8221; header_line_height=&#8221;1.4em&#8221; body_font_size=&#8221;16px&#8221; link_option_url=&#8221;https:\/\/www.vub.be\/en&#8221; link_option_url_new_window=&#8221;on&#8221; hover_enabled=&#8221;0&#8243; global_colors_info=&#8221;{}&#8221; theme_builder_area=&#8221;post_content&#8221; sticky_enabled=&#8221;0&#8243;]<\/p>\n<p>Seit ihrer Gr\u00fcndung im Jahr 2003 konzentriert sich die interdisziplin\u00e4re Forschungsgruppe Recht, Wissenschaft, Technologie und Gesellschaft (LSTS) auf die Zusammenh\u00e4nge zwischen Recht, Wissenschaft, Technologie, Ethik und Gesellschaft, wobei sie von technologischen Entwicklungen und deren Folgen ausgeht.<\/p>\n<p>Obwohl die Kernkompetenz von LSTS auf dem Gebiet der Rechtswissenschaften liegt, kann die Gruppe auch auf eine solide Erfolgsbilanz in den Bereichen Rechtstheorie, Philosophie (des Rechts, der Wissenschaften und der Technologie) verweisen und befasst sich insbesondere mit kriminologischen (\u00dcberwachung und Sicherheit), wissenschaftlichen und gesellschaftlichen Studien (STS).<\/p>\n<p>Das LSTS hat sich zu einem international anerkannten Exzellenzzentrum in Fragen wie dem Schutz der Privatsph\u00e4re, dem Datenschutzrecht und weit dar\u00fcber hinaus entwickelt. Es bringt eine beeindruckende Gruppe von Wissenschaftlern und angeschlossenen Forschern zusammen, tr\u00e4gt zu zahlreichen Forschungsprojekten bei und engagiert sich nachdr\u00fccklich f\u00fcr die Ausbildung<\/p>\n<p>VUB-LSTS ist an mehreren Projekten beteiligt, in denen gesellschaftliche, geschlechtsspezifische und datenschutzrechtliche Aspekte u. a. in den Bereichen Gesundheitswesen, Bildung und verschiedene Bereiche der IKT-Forschung behandelt werden.<\/p>\n<p>[\/et_pb_blurb][\/et_pb_column][et_pb_column type=&#8221;1_3&#8243; _builder_version=&#8221;4.24.2&#8243; _module_preset=&#8221;default&#8221; global_colors_info=&#8221;{}&#8221; theme_builder_area=&#8221;post_content&#8221;][et_pb_blurb title=&#8221;Mykolo Romerio Universitetas, Litauen&#8221; image=&#8221;https:\/\/www.pro-gendering.eu\/wp-content\/uploads\/2024\/02\/mru.jpg&#8221; _builder_version=&#8221;4.24.3&#8243; _module_preset=&#8221;default&#8221; header_font_size=&#8221;21px&#8221; header_line_height=&#8221;1.4em&#8221; body_font_size=&#8221;16px&#8221; link_option_url=&#8221;https:\/\/www.mruni.eu\/&#8221; link_option_url_new_window=&#8221;on&#8221; hover_enabled=&#8221;0&#8243; global_colors_info=&#8221;{}&#8221; theme_builder_area=&#8221;post_content&#8221; sticky_enabled=&#8221;0&#8243;]<\/p>\n<p>Die Mykolas Romeris Universit\u00e4t (MRU) ist die f\u00fchrende Universit\u00e4t in den Sozialwissenschaften und der interdisziplin\u00e4ren Forschung in Litauen. Aufgrund ihrer praktischen Erfahrung verf\u00fcgt die MRU \u00fcber das Know-how, ganzheitliche und kooperative Projekte und Rahmenbedingungen zu schaffen, um auf die Herausforderungen der unerf\u00fcllten rechtlichen und sozialen Bed\u00fcrfnisse der Gesellschaft zu reagieren.<\/p>\n<p>Die MRU f\u00fchrt jedes Jahr eine betr\u00e4chtliche Anzahl von internationalen und nationalen Studien- und Forschungsprojekten (im Durchschnitt etwa 80 Projekte pro Jahr) \u00fcber ihr Netzwerk von Labors f\u00fcr soziale Innovationen durch.<\/p>\n<p>Die Internationalisierung ist in der Strategie der Universit\u00e4t verankert. Die Vision der MRU konzentriert sich auf eine nachhaltige, gr\u00fcne Universit\u00e4t, die sowohl f\u00fcr die litauische Gesellschaft als auch f\u00fcr die internationale Gemeinschaft wertvoll ist, die eine internationale Ausbildung in Verbindung mit Forschung auf hohem Niveau anbietet, die hochqualifizierte Absolventen f\u00fcr die Bed\u00fcrfnisse des Staates, des Arbeitsmarktes und der pers\u00f6nlichen Entwicklung ausbildet, die Bedingungen f\u00fcr kontinuierliches pers\u00f6nliches Lernen schafft und moderne Managementprinzipien in der F\u00fchrung der Universit\u00e4t anwendet.<\/p>\n<p>Die MRU ist in wichtigen internationalen Organisationen aktiv und arbeitet mit \u00fcber 200 Universit\u00e4ten, \u00f6ffentlichen Einrichtungen und Unternehmen, Studenten- und Mitarbeiteraustauschprogrammen, Netzwerken und EU-, nationalen und internationalen Programmen zusammen, darunter Erasmus+, H2020, NordPlus und COST.<\/p>\n<p>[\/et_pb_blurb][\/et_pb_column][et_pb_column type=&#8221;1_3&#8243; _builder_version=&#8221;4.24.2&#8243; _module_preset=&#8221;default&#8221; global_colors_info=&#8221;{}&#8221; theme_builder_area=&#8221;post_content&#8221;][et_pb_blurb title=&#8221;Ludwig-Maximilians-Universit\u00e4t M\u00fcnchen (LMU), Deutschland&#8221; image=&#8221;https:\/\/www.pro-gendering.eu\/wp-content\/uploads\/2024\/02\/LMY.jpg&#8221; _builder_version=&#8221;4.24.3&#8243; _module_preset=&#8221;default&#8221; header_font_size=&#8221;21px&#8221; header_line_height=&#8221;1.4em&#8221; body_font_size=&#8221;16px&#8221; link_option_url=&#8221;https:\/\/www.lmu.de\/de\/index.html&#8221; link_option_url_new_window=&#8221;on&#8221; hover_enabled=&#8221;0&#8243; global_colors_info=&#8221;{}&#8221; theme_builder_area=&#8221;post_content&#8221; sticky_enabled=&#8221;0&#8243;]<\/p>\n<p>Das Geschwister-Scholl-Institut f\u00fcr Politikwissenschaft (GSI) an der Ludwig-Maximilians-Universit\u00e4t M\u00fcnchen (LMU) ist eines der f\u00fchrenden politikwissenschaftlichen Institute in Deutschland sowie in Europa.<\/p>\n<p>Am GSI forschen und lehren \u00fcber 70 Wissenschaftlerinnen und Wissenschaftler in den wichtigsten Teilgebieten der Politikwissenschaft. Als Teil der Exzellenzinitiative des Bundes bietet die Ludwig-Maximilians-Universit\u00e4t und damit auch das Geschwister-Scholl-Institut f\u00fcr Politikwissenschaft ein anregendes Umfeld f\u00fcr Forschung und Studium. Die Verwaltung und die Mitarbeiter des Instituts pflegen enge Beziehungen zu vielen f\u00fchrenden akademischen Einrichtungen weltweit.<\/p>\n<p>Das GSI deckt alle Kernbereiche der Politikwissenschaft sowohl in der Forschung als auch in der Lehre hervorragend ab, von der politischen Theorie \u00fcber den Vergleich politischer Systeme, die internationalen Beziehungen, die Methoden der Politikwissenschaft bis hin zur politischen Bildung. Sie verbindet hervorragende Forschung mit exzellenten Studienbedingungen und besten internationalen Kontakten.<\/p>\n<p>Das Institut setzt sich f\u00fcr eine Weltanschauung der Toleranz und der Demokratie ein, vermittelt den Studierenden wichtige Werte und ermutigt sie, kritisch zu sein.<\/p>\n<p>[\/et_pb_blurb][\/et_pb_column][\/et_pb_row][\/et_pb_section]<\/p>\n","protected":false},"excerpt":{"rendered":"<p>PartnerDie 1290 gegr\u00fcndete UNIMC ist eine der \u00e4ltesten Universit\u00e4ten Europas und die einzige Universit\u00e4t in Italien, die sich ausschlie\u00dflich auf Sozial-, Wirtschafts- und Geisteswissenschaften konzentriert. Den Studierenden wird ein breites Spektrum an Kursen angeboten, sowohl auf Italienisch als auch auf Englisch. Es wurden internationale Austauschprogramme mit 132 europ\u00e4ischen Institutionen eingerichtet, und mehrere Universit\u00e4ten aus Nicht-EU-L\u00e4ndern [&hellip;]<\/p>\n","protected":false},"author":3,"featured_media":0,"parent":0,"menu_order":0,"comment_status":"closed","ping_status":"closed","template":"","meta":{"_et_pb_use_builder":"on","_et_pb_old_content":"","_et_gb_content_width":"","footnotes":""},"class_list":["post-422","page","type-page","status-publish","hentry"],"_links":{"self":[{"href":"https:\/\/www.pro-gendering.eu\/index.php?rest_route=\/wp\/v2\/pages\/422","targetHints":{"allow":["GET"]}}],"collection":[{"href":"https:\/\/www.pro-gendering.eu\/index.php?rest_route=\/wp\/v2\/pages"}],"about":[{"href":"https:\/\/www.pro-gendering.eu\/index.php?rest_route=\/wp\/v2\/types\/page"}],"author":[{"embeddable":true,"href":"https:\/\/www.pro-gendering.eu\/index.php?rest_route=\/wp\/v2\/users\/3"}],"replies":[{"embeddable":true,"href":"https:\/\/www.pro-gendering.eu\/index.php?rest_route=%2Fwp%2Fv2%2Fcomments&post=422"}],"version-history":[{"count":3,"href":"https:\/\/www.pro-gendering.eu\/index.php?rest_route=\/wp\/v2\/pages\/422\/revisions"}],"predecessor-version":[{"id":426,"href":"https:\/\/www.pro-gendering.eu\/index.php?rest_route=\/wp\/v2\/pages\/422\/revisions\/426"}],"wp:attachment":[{"href":"https:\/\/www.pro-gendering.eu\/index.php?rest_route=%2Fwp%2Fv2%2Fmedia&parent=422"}],"curies":[{"name":"wp","href":"https:\/\/api.w.org\/{rel}","templated":true}]}}