{"id":456,"date":"2024-04-04T13:25:34","date_gmt":"2024-04-04T13:25:34","guid":{"rendered":"https:\/\/www.pro-gendering.eu\/?page_id=456"},"modified":"2026-03-09T07:19:45","modified_gmt":"2026-03-09T07:19:45","slug":"risultati-e-outputs","status":"publish","type":"page","link":"https:\/\/www.pro-gendering.eu\/?page_id=456&lang=it","title":{"rendered":"Risultati e Outputs"},"content":{"rendered":"<p>[et_pb_section fb_built=&#8221;1&#8243; admin_label=&#8221;Header&#8221; _builder_version=&#8221;4.24.2&#8243; _module_preset=&#8221;default&#8221; background_color=&#8221;#e5e7ea&#8221; use_background_color_gradient=&#8221;on&#8221; background_color_gradient_direction=&#8221;90deg&#8221; background_color_gradient_stops=&#8221;rgba(0,0,0,0) 50%|rgba(199,93,163,0.51) 50%&#8221; background_color_gradient_overlays_image=&#8221;on&#8221; background_color_gradient_start=&#8221;rgba(0,0,0,0)&#8221; background_color_gradient_start_position=&#8221;50%&#8221; background_color_gradient_end=&#8221;#92a5ab&#8221; background_color_gradient_end_position=&#8221;50%&#8221; background_image=&#8221;https:\/\/www.pro-gendering.eu\/wp-content\/uploads\/2024\/02\/estate-planning-77.png&#8221; background_position=&#8221;top_left&#8221; height=&#8221;339px&#8221; custom_padding=&#8221;||40px||false|false&#8221; bottom_divider_color=&#8221;#FFFFFF&#8221; bottom_divider_height=&#8221;4vw&#8221; locked=&#8221;off&#8221; global_colors_info=&#8221;{%22gcid-af512a5f-530a-4e80-bfc4-3632d9174c8b%22:%91%93,%22gcid-b593ef39-6aba-4318-8d2d-133b31113704%22:%91%93}&#8221;][et_pb_row column_structure=&#8221;1_2,1_2&#8243; _builder_version=&#8221;4.24.2&#8243; _module_preset=&#8221;default&#8221; custom_padding=&#8221;0px||||false|false&#8221; global_colors_info=&#8221;{}&#8221;][et_pb_column type=&#8221;1_2&#8243; _builder_version=&#8221;4.24.2&#8243; _module_preset=&#8221;default&#8221; custom_padding=&#8221;5%||8vw||false|false&#8221; custom_padding_tablet=&#8221;0vw||0vw||true|false&#8221; custom_padding_phone=&#8221;&#8221; custom_padding_last_edited=&#8221;on|tablet&#8221; global_colors_info=&#8221;{}&#8221;][et_pb_divider color=&#8221;#c75da3&#8243; divider_weight=&#8221;5px&#8221; _builder_version=&#8221;4.24.2&#8243; _module_preset=&#8221;default&#8221; max_width=&#8221;50px&#8221; custom_margin=&#8221;||0px||false|false&#8221; global_colors_info=&#8221;{}&#8221;][\/et_pb_divider][et_pb_text _builder_version=&#8221;4.24.3&#8243; _module_preset=&#8221;b3e3ff14-5f5c-4608-8ecf-1885ce3da7aa&#8221; header_font=&#8221;Manrope|800|||||||&#8221; header_text_color=&#8221;#747d8c&#8221; header_font_size=&#8221;50px&#8221; custom_margin=&#8221;||10px||false|false&#8221; header_font_size_tablet=&#8221;40px&#8221; header_font_size_phone=&#8221;24px&#8221; header_font_size_last_edited=&#8221;on|desktop&#8221; global_colors_info=&#8221;{}&#8221;]<\/p>\n<h1>Risultati e Outputs<\/h1>\n<p>[\/et_pb_text][\/et_pb_column][et_pb_column type=&#8221;1_2&#8243; _builder_version=&#8221;4.16&#8243; _module_preset=&#8221;default&#8221; global_colors_info=&#8221;{}&#8221;][et_pb_image src=&#8221;https:\/\/www.pro-gendering.eu\/wp-content\/uploads\/2024\/02\/estate-planning-53.png&#8221; title_text=&#8221;estate-planning-53&#8243; align=&#8221;right&#8221; align_tablet=&#8221;center&#8221; align_phone=&#8221;&#8221; align_last_edited=&#8221;on|tablet&#8221; _builder_version=&#8221;4.24.2&#8243; _module_preset=&#8221;default&#8221; width=&#8221;68%&#8221; custom_margin=&#8221;-40%||||false|false&#8221; custom_margin_tablet=&#8221;0%||||false|false&#8221; custom_margin_phone=&#8221;&#8221; custom_margin_last_edited=&#8221;on|desktop&#8221; border_radii=&#8221;on|50%|50%|50%|50%&#8221; global_colors_info=&#8221;{}&#8221;][\/et_pb_image][et_pb_image src=&#8221;https:\/\/www.pro-gendering.eu\/wp-content\/uploads\/2024\/02\/results.jpg&#8221; title_text=&#8221;results&#8221; align=&#8221;right&#8221; align_tablet=&#8221;center&#8221; align_phone=&#8221;&#8221; align_last_edited=&#8221;on|tablet&#8221; _builder_version=&#8221;4.24.2&#8243; _module_preset=&#8221;default&#8221; width=&#8221;66%&#8221; custom_margin=&#8221;-40%||||false|false&#8221; custom_margin_tablet=&#8221;0%||||false|false&#8221; custom_margin_phone=&#8221;0%||||false|false&#8221; custom_margin_last_edited=&#8221;on|desktop&#8221; filter_saturate=&#8221;0%&#8221; filter_brightness=&#8221;117%&#8221; border_radii=&#8221;on|50%|50%|50%|50%&#8221; global_colors_info=&#8221;{}&#8221;][\/et_pb_image][\/et_pb_column][\/et_pb_row][\/et_pb_section][et_pb_section fb_built=&#8221;1&#8243; admin_label=&#8221;About&#8221; _builder_version=&#8221;4.24.2&#8243; _module_preset=&#8221;default&#8221; background_color=&#8221;#f1f2f6&#8243; background_enable_image=&#8221;off&#8221; custom_padding=&#8221;5vw||226px||false|false&#8221; locked=&#8221;off&#8221; global_colors_info=&#8221;{}&#8221;][et_pb_row _builder_version=&#8221;4.24.2&#8243; _module_preset=&#8221;default&#8221; global_colors_info=&#8221;{}&#8221;][et_pb_column type=&#8221;4_4&#8243; _builder_version=&#8221;4.24.2&#8243; _module_preset=&#8221;default&#8221; global_colors_info=&#8221;{}&#8221;][et_pb_toggle title=&#8221;Manuale per l&#8217;attuazione dei piani per l&#8217;uguaglianza di genere negli istituti di istruzione superiore&#8221; _builder_version=&#8221;4.27.4&#8243; _module_preset=&#8221;default&#8221; title_font_size=&#8221;25px&#8221; body_font_size=&#8221;16px&#8221; background_color=&#8221;#FFFFFF&#8221; box_shadow_style=&#8221;preset2&#8243; global_colors_info=&#8221;{}&#8221;]<\/p>\n<p>Un manuale composto da metodi e strumenti innovativi per supportare gli istituti di istruzione superiore nell&#8217;implementazione, nel monitoraggio e nella valutazione dell&#8217;attuazione dei loro GEP. I risultati contribuiranno a promuovere la cultura della parit\u00e0 di genere negli HEI.<\/p>\n<p>In particolare, il manuale si concentra sulle misure di sensibilizzazione all&#8217;uguaglianza di genere, sulle misure contro la violenza di genere e sui campus inclusivi con ambienti di lavoro e di apprendimento accessibili, dove tutti sono trattati con rispetto.<\/p>\n<p>A tal fine, saranno prodotti rapporti nazionali attraverso la conduzione di ricerche su scala nazionale sulle risorse e sui bisogni per l&#8217;attuazione delle GEP, nonch\u00e9 un rapporto online come elaborazione del libro di diapositive comparative di Google Slides.<\/p>\n<p>Disponibile in inglese, italiano, polacco, greco, lituano, tedesco e olandese.<\/p>\n<p style=\"text-align: center;\"><span><div class=\"_df_book df-lite\" id=\"df_743\"  _slug=\"handbook-it\" data-title=\"handbook-it\" wpoptions=\"true\" thumbtype=\"\" ><\/div><script class=\"df-shortcode-script\" nowprocket type=\"application\/javascript\">window.option_df_743 = {\"outline\":[],\"autoEnableOutline\":\"false\",\"autoEnableThumbnail\":\"false\",\"overwritePDFOutline\":\"false\",\"direction\":\"1\",\"pageSize\":\"0\",\"source\":\"https:\\\/\\\/www.pro-gendering.eu\\\/wp-content\\\/uploads\\\/2025\\\/04\\\/PR2_Handbook-for-implementing-_Progendering-ITA.pdf\",\"wpOptions\":\"true\"}; if(window.DFLIP && window.DFLIP.parseBooks){window.DFLIP.parseBooks();}<\/script><\/span><\/p>\n<p style=\"text-align: center;\"><a href=\"https:\/\/www.pro-gendering.eu\/wp-content\/uploads\/2025\/04\/PR2_Handbook-for-implementing-_Progendering-ITA.pdf\" target=\"_blank\" rel=\"noopener\"><strong>Scarica qui<\/strong><\/a><\/p>\n<p>[\/et_pb_toggle][et_pb_toggle title=&#8221;Toolkit di Sensibilizzazione&#8221; _builder_version=&#8221;4.27.6&#8243; _module_preset=&#8221;default&#8221; title_font_size=&#8221;25px&#8221; body_font_size=&#8221;16px&#8221; background_color=&#8221;#FFFFFF&#8221; hover_enabled=&#8221;0&#8243; box_shadow_style=&#8221;preset2&#8243; global_colors_info=&#8221;{}&#8221; sticky_enabled=&#8221;0&#8243;]<\/p>\n<p>Il Toolkit comprende diversi strumenti rivolti agli studenti.<\/p>\n<p>Gli strumenti forniscono linee guida per la definizione di scopi e obiettivi, la strutturazione dei messaggi, la selezione di mezzi e\/o strumenti adeguati, la stesura di piani d&#8217;azione, nonch\u00e9 informazioni, risorse, materiali ed esempi di attivit\u00e0 (ad esempio schede, casi di studio, immagini), ecc.<\/p>\n<p>Il Toolkit contiene sezioni specifiche per il genere (ad esempio, strumenti per riflettere sulla propria situazione di genere nell&#8217;Universit\u00e0 o casi di pregiudizio di genere nell&#8217;HED).<\/p>\n<p>Il kit di strumenti pu\u00f2 includere attivit\u00e0 e informazioni su varie aree (ad esempio, cultura organizzativa inclusiva e bilanciamento vita-lavoro; equilibrio di genere nella governance; parit\u00e0 nelle assunzioni e nelle carriere; approccio di genere nella ricerca e nell&#8217;insegnamento; misure contro gli stereotipi, la violenza e le molestie).<\/p>\n<p>Disponibile in inglese, italiano, polacco, greco, lituano, tedesco e olandese.<\/p>\n<p><span><div class=\"_df_book df-lite\" id=\"df_833\"  _slug=\"toolkit-it\" data-title=\"toolkit-it\" wpoptions=\"true\" thumbtype=\"\" ><\/div><script class=\"df-shortcode-script\" nowprocket type=\"application\/javascript\">window.option_df_833 = {\"outline\":[],\"autoEnableOutline\":\"false\",\"autoEnableThumbnail\":\"false\",\"overwritePDFOutline\":\"false\",\"direction\":\"1\",\"pageSize\":\"0\",\"source\":\"https:\\\/\\\/www.pro-gendering.eu\\\/wp-content\\\/uploads\\\/2026\\\/03\\\/Progendering_WP3_ART_TOOLKIT_ITA.pdf\",\"wpOptions\":\"true\"}; if(window.DFLIP && window.DFLIP.parseBooks){window.DFLIP.parseBooks();}<\/script><\/span><\/p>\n<p>[\/et_pb_toggle][et_pb_toggle title=&#8221;Rapporti sulle politiche nazionali&#8221; _builder_version=&#8221;4.24.3&#8243; _module_preset=&#8221;default&#8221; title_font_size=&#8221;25px&#8221; body_font_size=&#8221;16px&#8221; background_color=&#8221;#FFFFFF&#8221; box_shadow_style=&#8221;preset2&#8243; global_colors_info=&#8221;{}&#8221;]<\/p>\n<p>Sulla base della valutazione dell&#8217;impatto dei risultati del progetto e dell&#8217;identificazione delle lezioni apprese, ogni partner redige una relazione politica nella propria lingua nazionale che fornisce buone pratiche e raccomandazioni politiche a tutti gli stakeholder interessati. Ci\u00f2 contribuir\u00e0 a migliorare il dialogo politico non solo tra i principali stakeholder, ma anche tra un pubblico pi\u00f9 ampio.<\/p>\n<p>Disponibile in inglese, italiano, polacco, greco, lituano, tedesco e olandese.<\/p>\n<p>[\/et_pb_toggle][\/et_pb_column][\/et_pb_row][\/et_pb_section]<\/p>\n","protected":false},"excerpt":{"rendered":"<p>Risultati e OutputsUn manuale composto da metodi e strumenti innovativi per supportare gli istituti di istruzione superiore nell&#8217;implementazione, nel monitoraggio e nella valutazione dell&#8217;attuazione dei loro GEP. I risultati contribuiranno a promuovere la cultura della parit\u00e0 di genere negli HEI. In particolare, il manuale si concentra sulle misure di sensibilizzazione all&#8217;uguaglianza di genere, sulle misure [&hellip;]<\/p>\n","protected":false},"author":3,"featured_media":0,"parent":0,"menu_order":0,"comment_status":"closed","ping_status":"closed","template":"","meta":{"_et_pb_use_builder":"on","_et_pb_old_content":"","_et_gb_content_width":"","footnotes":""},"class_list":["post-456","page","type-page","status-publish","hentry"],"_links":{"self":[{"href":"https:\/\/www.pro-gendering.eu\/index.php?rest_route=\/wp\/v2\/pages\/456","targetHints":{"allow":["GET"]}}],"collection":[{"href":"https:\/\/www.pro-gendering.eu\/index.php?rest_route=\/wp\/v2\/pages"}],"about":[{"href":"https:\/\/www.pro-gendering.eu\/index.php?rest_route=\/wp\/v2\/types\/page"}],"author":[{"embeddable":true,"href":"https:\/\/www.pro-gendering.eu\/index.php?rest_route=\/wp\/v2\/users\/3"}],"replies":[{"embeddable":true,"href":"https:\/\/www.pro-gendering.eu\/index.php?rest_route=%2Fwp%2Fv2%2Fcomments&post=456"}],"version-history":[{"count":5,"href":"https:\/\/www.pro-gendering.eu\/index.php?rest_route=\/wp\/v2\/pages\/456\/revisions"}],"predecessor-version":[{"id":836,"href":"https:\/\/www.pro-gendering.eu\/index.php?rest_route=\/wp\/v2\/pages\/456\/revisions\/836"}],"wp:attachment":[{"href":"https:\/\/www.pro-gendering.eu\/index.php?rest_route=%2Fwp%2Fv2%2Fmedia&parent=456"}],"curies":[{"name":"wp","href":"https:\/\/api.w.org\/{rel}","templated":true}]}}