{"id":523,"date":"2024-04-04T13:57:06","date_gmt":"2024-04-04T13:57:06","guid":{"rendered":"https:\/\/www.pro-gendering.eu\/?page_id=523"},"modified":"2024-04-04T13:59:00","modified_gmt":"2024-04-04T13:59:00","slug":"partnerzy","status":"publish","type":"page","link":"https:\/\/www.pro-gendering.eu\/?page_id=523&lang=pl","title":{"rendered":"Partnerzy"},"content":{"rendered":"<p>[et_pb_section fb_built=&#8221;1&#8243; admin_label=&#8221;Header&#8221; _builder_version=&#8221;4.24.2&#8243; _module_preset=&#8221;default&#8221; background_color=&#8221;#e5e7ea&#8221; use_background_color_gradient=&#8221;on&#8221; background_color_gradient_direction=&#8221;90deg&#8221; background_color_gradient_stops=&#8221;rgba(0,0,0,0) 50%|rgba(199,93,163,0.51) 50%&#8221; background_color_gradient_overlays_image=&#8221;on&#8221; background_color_gradient_start=&#8221;rgba(0,0,0,0)&#8221; background_color_gradient_start_position=&#8221;50%&#8221; background_color_gradient_end=&#8221;#92a5ab&#8221; background_color_gradient_end_position=&#8221;50%&#8221; background_image=&#8221;https:\/\/www.pro-gendering.eu\/wp-content\/uploads\/2024\/02\/estate-planning-77.png&#8221; background_position=&#8221;top_left&#8221; height=&#8221;339px&#8221; custom_padding=&#8221;||40px||false|false&#8221; bottom_divider_color=&#8221;#FFFFFF&#8221; bottom_divider_height=&#8221;4vw&#8221; locked=&#8221;off&#8221; global_colors_info=&#8221;{%22gcid-af512a5f-530a-4e80-bfc4-3632d9174c8b%22:%91%93,%22gcid-b593ef39-6aba-4318-8d2d-133b31113704%22:%91%93}&#8221; theme_builder_area=&#8221;post_content&#8221;][et_pb_row column_structure=&#8221;1_2,1_2&#8243; _builder_version=&#8221;4.24.2&#8243; _module_preset=&#8221;default&#8221; custom_padding=&#8221;0px||||false|false&#8221; global_colors_info=&#8221;{}&#8221; theme_builder_area=&#8221;post_content&#8221;][et_pb_column type=&#8221;1_2&#8243; _builder_version=&#8221;4.24.2&#8243; _module_preset=&#8221;default&#8221; custom_padding=&#8221;5%||8vw||false|false&#8221; custom_padding_tablet=&#8221;0vw||0vw||true|false&#8221; custom_padding_phone=&#8221;&#8221; custom_padding_last_edited=&#8221;on|tablet&#8221; global_colors_info=&#8221;{}&#8221; theme_builder_area=&#8221;post_content&#8221;][et_pb_divider color=&#8221;#c75da3&#8243; divider_weight=&#8221;5px&#8221; _builder_version=&#8221;4.24.2&#8243; _module_preset=&#8221;default&#8221; max_width=&#8221;50px&#8221; custom_margin=&#8221;||0px||false|false&#8221; global_colors_info=&#8221;{}&#8221; theme_builder_area=&#8221;post_content&#8221;][\/et_pb_divider][et_pb_text _builder_version=&#8221;4.24.3&#8243; _module_preset=&#8221;b3e3ff14-5f5c-4608-8ecf-1885ce3da7aa&#8221; header_font=&#8221;Manrope|800|||||||&#8221; header_text_color=&#8221;#747d8c&#8221; header_font_size=&#8221;50px&#8221; custom_margin=&#8221;||10px||false|false&#8221; hover_enabled=&#8221;0&#8243; header_font_size_tablet=&#8221;40px&#8221; header_font_size_phone=&#8221;24px&#8221; header_font_size_last_edited=&#8221;on|desktop&#8221; global_colors_info=&#8221;{}&#8221; theme_builder_area=&#8221;post_content&#8221; sticky_enabled=&#8221;0&#8243;]<\/p>\n<h1><strong>Partnerzy <\/strong><\/h1>\n<p>[\/et_pb_text][\/et_pb_column][et_pb_column type=&#8221;1_2&#8243; _builder_version=&#8221;4.16&#8243; _module_preset=&#8221;default&#8221; global_colors_info=&#8221;{}&#8221; theme_builder_area=&#8221;post_content&#8221;][et_pb_image src=&#8221;https:\/\/www.pro-gendering.eu\/wp-content\/uploads\/2024\/02\/estate-planning-53.png&#8221; title_text=&#8221;estate-planning-53&#8243; align=&#8221;right&#8221; align_tablet=&#8221;center&#8221; align_phone=&#8221;&#8221; align_last_edited=&#8221;on|tablet&#8221; _builder_version=&#8221;4.24.2&#8243; _module_preset=&#8221;default&#8221; width=&#8221;68%&#8221; custom_margin=&#8221;-40%||||false|false&#8221; custom_margin_tablet=&#8221;0%||||false|false&#8221; custom_margin_phone=&#8221;&#8221; custom_margin_last_edited=&#8221;on|desktop&#8221; border_radii=&#8221;on|50%|50%|50%|50%&#8221; global_colors_info=&#8221;{}&#8221; theme_builder_area=&#8221;post_content&#8221;][\/et_pb_image][et_pb_image src=&#8221;https:\/\/www.pro-gendering.eu\/wp-content\/uploads\/2024\/02\/puzzle.jpg&#8221; title_text=&#8221;puzzle&#8221; align=&#8221;right&#8221; align_tablet=&#8221;center&#8221; align_phone=&#8221;&#8221; align_last_edited=&#8221;on|tablet&#8221; _builder_version=&#8221;4.24.2&#8243; _module_preset=&#8221;default&#8221; width=&#8221;66%&#8221; custom_margin=&#8221;-40%||||false|false&#8221; custom_margin_tablet=&#8221;0%||||false|false&#8221; custom_margin_phone=&#8221;0%||||false|false&#8221; custom_margin_last_edited=&#8221;on|desktop&#8221; filter_saturate=&#8221;0%&#8221; filter_brightness=&#8221;117%&#8221; border_radii=&#8221;on|50%|50%|50%|50%&#8221; global_colors_info=&#8221;{}&#8221; theme_builder_area=&#8221;post_content&#8221;][\/et_pb_image][\/et_pb_column][\/et_pb_row][\/et_pb_section][et_pb_section fb_built=&#8221;1&#8243; admin_label=&#8221;About&#8221; _builder_version=&#8221;4.24.2&#8243; _module_preset=&#8221;default&#8221; background_color=&#8221;#f1f2f6&#8243; custom_padding=&#8221;7vw||124px||false|false&#8221; global_colors_info=&#8221;{}&#8221; locked=&#8221;off&#8221; theme_builder_area=&#8221;post_content&#8221;][et_pb_row column_structure=&#8221;1_3,1_3,1_3&#8243; use_custom_gutter=&#8221;on&#8221; gutter_width=&#8221;2&#8243; _builder_version=&#8221;4.24.2&#8243; _module_preset=&#8221;default&#8221; global_colors_info=&#8221;{}&#8221; theme_builder_area=&#8221;post_content&#8221;][et_pb_column type=&#8221;1_3&#8243; _builder_version=&#8221;4.24.2&#8243; _module_preset=&#8221;default&#8221; global_colors_info=&#8221;{}&#8221; theme_builder_area=&#8221;post_content&#8221;][et_pb_blurb title=&#8221;Universit\u00e1 degli Studi di Macerata, W\u0142ochy&#8221; image=&#8221;https:\/\/www.pro-gendering.eu\/wp-content\/uploads\/2024\/02\/unimc.jpg&#8221; _builder_version=&#8221;4.24.3&#8243; _module_preset=&#8221;default&#8221; header_font_size=&#8221;21px&#8221; header_line_height=&#8221;1.4em&#8221; body_font_size=&#8221;16px&#8221; link_option_url=&#8221;https:\/\/www.unimc.it\/it&#8221; link_option_url_new_window=&#8221;on&#8221; hover_enabled=&#8221;0&#8243; global_colors_info=&#8221;{}&#8221; theme_builder_area=&#8221;post_content&#8221; sticky_enabled=&#8221;0&#8243;]<\/p>\n<p>Za\u0142o\u017cony w 1290 roku UNIMC jest jednym z najstarszych uniwersytet\u00f3w w Europie i jedynym uniwersytetem we W\u0142oszech skupiaj\u0105cym si\u0119 wy\u0142\u0105cznie na naukach spo\u0142eczno-ekonomicznych i humanistycznych. Studentom oferowany jest szeroki zakres kurs\u00f3w, zar\u00f3wno w j\u0119zyku w\u0142oskim, jak i angielskim. Uniwersytet realizuje programy wymiany mi\u0119dzynarodowej z 132 instytucjami europejskimi, a kilka uniwersytet\u00f3w z kraj\u00f3w spoza UE podpisa\u0142o z Macerat\u0105 dwustronne umowy o wsp\u00f3\u0142pracy w zakresie nauczania i bada\u0144, a tak\u017ce umowy o wymianie student\u00f3w.<\/p>\n<p>Misj\u0105 UNIMC jest przyczynianie si\u0119 do rozwoju ludzi i spo\u0142ecze\u0144stwa poprzez warto\u015b\u0107 dodan\u0105, jak\u0105 nauki spo\u0142eczne i humanistyczne wnosz\u0105 do zrozumienia z\u0142o\u017conych kwestii spo\u0142eczno-ekonomicznych i politycznych, w perspektywie interdyscyplinarnej.<\/p>\n<p>UNIMC mo\u017cna zdefiniowa\u0107 jako uczelni\u0119 integracyjn\u0105, dzi\u0119ki skoordynowanym i ukierunkowanym dzia\u0142aniom realizowanym w ramach projektu &#8220;Inclusion 3.0&#8221;, maj\u0105cym na celu wspieranie student\u00f3w niepe\u0142nosprawnych i ze specyficznymi zaburzeniami uczenia si\u0119. Jego dzia\u0142ania dotycz\u0105 g\u0142\u00f3wnie: wzmocnienia us\u0142ug uniwersyteckich i polityki w zakresie integracji; oraz wzmocnienia proces\u00f3w zwi\u0105zanych ze wsparciem nauczania, mediacj\u0105 w nauczaniu i ocen\u0105.<\/p>\n<p>[\/et_pb_blurb][\/et_pb_column][et_pb_column type=&#8221;1_3&#8243; _builder_version=&#8221;4.24.2&#8243; _module_preset=&#8221;default&#8221; global_colors_info=&#8221;{}&#8221; theme_builder_area=&#8221;post_content&#8221;][et_pb_blurb title=&#8221;KMOP \u2013 Education and Innovation Hub, Grecja&#8221; image=&#8221;https:\/\/www.pro-gendering.eu\/wp-content\/uploads\/2024\/04\/Education-Hub-logo-800&#215;500-1.png&#8221; _builder_version=&#8221;4.24.3&#8243; _module_preset=&#8221;default&#8221; header_font_size=&#8221;21px&#8221; header_line_height=&#8221;1.4em&#8221; body_font_size=&#8221;16px&#8221; link_option_url=&#8221;https:\/\/education-hub.kmop.org\/&#8221; link_option_url_new_window=&#8221;on&#8221; hover_enabled=&#8221;0&#8243; global_colors_info=&#8221;{}&#8221; theme_builder_area=&#8221;post_content&#8221; sticky_enabled=&#8221;0&#8243;]<\/p>\n<p>KMOP jest jedn\u0105 z najstarszych organizacji spo\u0142ecze\u0144stwa obywatelskiego w Grecji z 45-letnim do\u015bwiadczeniem w bezpo\u015brednim \u015bwiadczeniu us\u0142ug socjalnych i wdra\u017caniu inicjatyw spo\u0142ecznych wspieraj\u0105cych osoby znajduj\u0105ce si\u0119 w trudnej sytuacji.<\/p>\n<p>KMOP bada i analizuje pilne wyzwania spo\u0142eczne w celu zrozumienia spo\u0142ecze\u0144stwa, proponuje innowacyjne interwencje, edukuje i rozwija wiedz\u0119 specjalistyczn\u0105 w celu rozwi\u0105zywania kwestii spo\u0142ecznych w oparciu o sprawiedliwo\u015b\u0107, innowacje i zr\u00f3wnowa\u017cony rozw\u00f3j. Aktywnie wspiera jednostki i spo\u0142eczno\u015bci poprzez bezpo\u015brednie \u015bwiadczenie us\u0142ug spo\u0142ecznych i zapewnianie mo\u017cliwo\u015bci edukacyjnych, wdra\u017canie innowacyjnych inicjatyw, badania i wp\u0142ywowe projektowanie polityki.<\/p>\n<p>Ostatecznym celem KMOP jest przyczynianie si\u0119 do skutecznego projektowania polityki spo\u0142ecznej i prowadzenie skutecznych program\u00f3w, kt\u00f3re promuj\u0105 dobrobyt jednostek, zmniejszaj\u0105 nier\u00f3wno\u015bci, eliminuj\u0105 s\u0142abe punkty oraz wspieraj\u0105 integracyjny i zr\u00f3wnowa\u017cony wzrost spo\u0142eczny.<\/p>\n<p>D\u0105\u017c\u0105c do promowania post\u0119pu spo\u0142ecznego poprzez edukacj\u0119, KMOP Education Hub opracowa\u0142 szereg program\u00f3w edukacyjnych dla os\u00f3b fizycznych i firm, pomagaj\u0105c im w poruszaniu si\u0119 po ekosystemie spo\u0142ecznym w celu osi\u0105gni\u0119cia ich cel\u00f3w i przyczynienia si\u0119 do bardziej zr\u00f3wnowa\u017conej przysz\u0142o\u015bci sprzyjaj\u0105cej w\u0142\u0105czeniu spo\u0142ecznemu.<\/p>\n<p>[\/et_pb_blurb][\/et_pb_column][et_pb_column type=&#8221;1_3&#8243; _builder_version=&#8221;4.24.2&#8243; _module_preset=&#8221;default&#8221; global_colors_info=&#8221;{}&#8221; theme_builder_area=&#8221;post_content&#8221;][et_pb_blurb title=&#8221;Spoleczna Akademia Nauk, Polska&#8221; image=&#8221;https:\/\/www.pro-gendering.eu\/wp-content\/uploads\/2024\/02\/spoleczna.jpg&#8221; _builder_version=&#8221;4.24.3&#8243; _module_preset=&#8221;default&#8221; header_font_size=&#8221;21px&#8221; header_line_height=&#8221;1.4em&#8221; body_font_size=&#8221;16px&#8221; link_option_url=&#8221;https:\/\/san.edu.pl\/&#8221; link_option_url_new_window=&#8221;on&#8221; hover_enabled=&#8221;0&#8243; global_colors_info=&#8221;{}&#8221; theme_builder_area=&#8221;post_content&#8221; sticky_enabled=&#8221;0&#8243;]<\/p>\n<p>Spo\u0142eczna Akademia Nauk jest jedn\u0105 z wiod\u0105cych uczelni niepublicznych w Polsce. W 2004 r. utworzono Instytut Bada\u0144 nad Przedsi\u0119biorczo\u015bci\u0105 i Rozwojem Ekonomicznym &#8211; niezale\u017cn\u0105 jednostk\u0119 badawcz\u0105, promuj\u0105c\u0105 innowacyjno\u015b\u0107 i przedsi\u0119biorczo\u015b\u0107 w\u015br\u00f3d student\u00f3w oraz zapewniaj\u0105c\u0105 profesjonaln\u0105 wiedz\u0119 w tej dziedzinie. SAN ma szeroki dost\u0119p do os\u00f3b zainteresowanych za\u0142o\u017ceniem w\u0142asnej firmy ze wzgl\u0119du na przedsi\u0119biorcze ukierunkowanie oferowanych studi\u00f3w, a tak\u017ce bardzo \u015bcis\u0142\u0105 wsp\u00f3\u0142prac\u0119 z licznymi organizacjami i sieciami przedsi\u0119biorc\u00f3w. Uczelnia zdoby\u0142a wiele nagr\u00f3d za sw\u00f3j wk\u0142ad w rozw\u00f3j bran\u017cy biznesowej.<\/p>\n<p>Jako szko\u0142a biznesu, SAN przywi\u0105zuje du\u017c\u0105 wag\u0119 do w\u0142a\u015bciwego doradztwa zawodowego dla student\u00f3w, a tak\u017ce do zwi\u0119kszania ich potencja\u0142u na rynku poprzez rozwijanie postaw przedsi\u0119biorczych.<\/p>\n<p>W ramach uczelni dzia\u0142a Centrum Samorozwoju (doradztwo zawodowe skierowane do zmarginalizowanych grup spo\u0142ecznych) oraz Akademickie Biuro Karier pe\u0142ni\u0105ce rol\u0119 doradcy zawodowego. SAN koordynowa\u0142 r\u00f3wnie\u017c projekty unijne w zakresie poradnictwa zawodowego.<\/p>\n<p>[\/et_pb_blurb][\/et_pb_column][\/et_pb_row][et_pb_row column_structure=&#8221;1_3,1_3,1_3&#8243; use_custom_gutter=&#8221;on&#8221; gutter_width=&#8221;2&#8243; _builder_version=&#8221;4.24.2&#8243; _module_preset=&#8221;default&#8221; global_colors_info=&#8221;{}&#8221; theme_builder_area=&#8221;post_content&#8221;][et_pb_column type=&#8221;1_3&#8243; _builder_version=&#8221;4.24.2&#8243; _module_preset=&#8221;default&#8221; global_colors_info=&#8221;{}&#8221; theme_builder_area=&#8221;post_content&#8221;][et_pb_blurb title=&#8221;Vrije Universiteit Brussel, Belgia&#8221; image=&#8221;https:\/\/www.pro-gendering.eu\/wp-content\/uploads\/2024\/02\/vrije.jpg&#8221; _builder_version=&#8221;4.24.3&#8243; _module_preset=&#8221;default&#8221; header_font_size=&#8221;21px&#8221; header_line_height=&#8221;1.4em&#8221; body_font_size=&#8221;16px&#8221; link_option_url=&#8221;https:\/\/www.vub.be\/en&#8221; link_option_url_new_window=&#8221;on&#8221; hover_enabled=&#8221;0&#8243; global_colors_info=&#8221;{}&#8221; theme_builder_area=&#8221;post_content&#8221; sticky_enabled=&#8221;0&#8243;]<\/p>\n<p>Od momentu powstania w 2003 r. interdyscyplinarna grupa badawcza Law, Science, Technology &amp; Society (LSTS) koncentruje si\u0119 na artykulacji prawa, nauki, technologii, etyki i spo\u0142ecze\u0144stwa, przyjmuj\u0105c rozw\u00f3j technologiczny i jego konsekwencje jako punkt wyj\u015bcia. Chocia\u017c LSTS specjalizuje si\u0119 w prawie, ma r\u00f3wnie\u017c du\u017ce do\u015bwiadczenie w teorii prawa, filozofii (prawa, nauk \u015bcis\u0142ych i technologii) i szczeg\u00f3lnie anga\u017cuje si\u0119 w studia kryminologiczne (nadz\u00f3r i bezpiecze\u0144stwo), studia nad nauk\u0105 i spo\u0142ecze\u0144stwem (STS).<\/p>\n<p>LSTS sta\u0142 si\u0119 uznanym na ca\u0142ym \u015bwiecie centrum doskona\u0142o\u015bci w kwestiach takich jak prywatno\u015b\u0107, prawo ochrony danych i wiele innych. Skupia imponuj\u0105c\u0105 grup\u0119 badaczy i stowarzyszonych naukowc\u00f3w, przyczynia si\u0119 do licznych projekt\u00f3w badawczych i jest mocno zaanga\u017cowany w edukacj\u0119<\/p>\n<p>VUB-LSTS jest zaanga\u017cowany w kilka projekt\u00f3w, w kt\u00f3rych poruszane s\u0105 aspekty spo\u0142eczne, p\u0142ci i prywatno\u015bci zwi\u0105zane m.in. z opiek\u0105 zdrowotn\u0105, edukacj\u0105 i r\u00f3\u017cnymi obszarami bada\u0144 ICT.<\/p>\n<p>[\/et_pb_blurb][\/et_pb_column][et_pb_column type=&#8221;1_3&#8243; _builder_version=&#8221;4.24.2&#8243; _module_preset=&#8221;default&#8221; global_colors_info=&#8221;{}&#8221; theme_builder_area=&#8221;post_content&#8221;][et_pb_blurb title=&#8221;Mykolo Romerio Universitetas, Litwa&#8221; image=&#8221;https:\/\/www.pro-gendering.eu\/wp-content\/uploads\/2024\/02\/mru.jpg&#8221; _builder_version=&#8221;4.24.3&#8243; _module_preset=&#8221;default&#8221; header_font_size=&#8221;21px&#8221; header_line_height=&#8221;1.4em&#8221; body_font_size=&#8221;16px&#8221; link_option_url=&#8221;https:\/\/www.mruni.eu\/&#8221; link_option_url_new_window=&#8221;on&#8221; hover_enabled=&#8221;0&#8243; global_colors_info=&#8221;{}&#8221; theme_builder_area=&#8221;post_content&#8221; sticky_enabled=&#8221;0&#8243;]<\/p>\n<p>Uniwersytet Mykolasa Romerisa (MRU-Mykolas Romeris University) jest wiod\u0105cym uniwersytetem w dziedzinie nauk spo\u0142ecznych i bada\u0144 interdyscyplinarnych na Litwie. Opieraj\u0105c si\u0119 na swoim praktycznym do\u015bwiadczeniu, MRU posiada wiedz\u0119 specjalistyczn\u0105 w zakresie tworzenia holistycznych i opartych na wsp\u00f3\u0142pracy projekt\u00f3w i ram w celu sprostania wyzwaniom zwi\u0105zanym z niezaspokojonymi potrzebami prawnymi i spo\u0142ecznymi spo\u0142ecze\u0144stwa.<\/p>\n<p>Ka\u017cdego roku MRU realizuje znaczn\u0105 liczb\u0119 mi\u0119dzynarodowych i krajowych projekt\u00f3w badawczych (\u015brednio oko\u0142o 80 projekt\u00f3w rocznie) za po\u015brednictwem sieci Laboratori\u00f3w Innowacji Spo\u0142ecznych.<\/p>\n<p>Internacjonalizacja jest wpisana w strategi\u0119 Uniwersytetu. Wizja MRU koncentruje si\u0119 na zr\u00f3wnowa\u017conym, ekologicznym uniwersytecie cennym zar\u00f3wno dla spo\u0142ecze\u0144stwa litewskiego, jak i spo\u0142eczno\u015bci mi\u0119dzynarodowej, zapewniaj\u0105cym mi\u0119dzynarodow\u0105 edukacj\u0119 w po\u0142\u0105czeniu z badaniami na wysokim poziomie, kszta\u0142c\u0105cym wysoko wykwalifikowanych absolwent\u00f3w na potrzeby pa\u0144stwa, rynku pracy i rozwoju osobistego, tworz\u0105c warunki do ci\u0105g\u0142ego uczenia si\u0119 osobistego i stosowania nowoczesnych zasad zarz\u0105dzania w zarz\u0105dzaniu uniwersytetem.<\/p>\n<p>MRU jest aktywny w kluczowych organizacjach mi\u0119dzynarodowych i wsp\u00f3\u0142pracuje z ponad 200 uniwersytetami, podmiotami publicznymi i biznesowymi, wymianami student\u00f3w i pracownik\u00f3w, sieciami oraz programami UE, krajowymi i mi\u0119dzynarodowymi, w tym Erasmus +, H2020, NordPlus, COST.<\/p>\n<p>[\/et_pb_blurb][\/et_pb_column][et_pb_column type=&#8221;1_3&#8243; _builder_version=&#8221;4.24.2&#8243; _module_preset=&#8221;default&#8221; global_colors_info=&#8221;{}&#8221; theme_builder_area=&#8221;post_content&#8221;][et_pb_blurb title=&#8221;Ludwig-Maximilians-Universit\u00e4t M\u00fcnchen (LMU), Niemcy&#8221; image=&#8221;https:\/\/www.pro-gendering.eu\/wp-content\/uploads\/2024\/02\/LMY.jpg&#8221; _builder_version=&#8221;4.24.3&#8243; _module_preset=&#8221;default&#8221; header_font_size=&#8221;21px&#8221; header_line_height=&#8221;1.4em&#8221; body_font_size=&#8221;16px&#8221; link_option_url=&#8221;https:\/\/www.lmu.de\/de\/index.html&#8221; link_option_url_new_window=&#8221;on&#8221; hover_enabled=&#8221;0&#8243; global_colors_info=&#8221;{}&#8221; theme_builder_area=&#8221;post_content&#8221; sticky_enabled=&#8221;0&#8243;]<\/p>\n<p>Geschwister-Scholl-Institute for Political Science (GSI) na Ludwig-Maximilians-Universit\u00e4t Munich (LMU) jest jednym z wiod\u0105cych instytut\u00f3w nauk politycznych w Niemczech.<\/p>\n<p>Opieraj\u0105c si\u0119 na swoim wyj\u0105tkowym dziedzictwie, GSI jest jednym z najbardziej renomowanych instytut\u00f3w nauk politycznych w ca\u0142ej Europie. GSI jest domem dla ponad 70 wyk\u0142adowc\u00f3w, kt\u00f3rych badania i nauczanie obejmuj\u0105 g\u0142\u00f3wne dziedziny nauk politycznych. Jako beneficjent Inicjatywy Doskona\u0142o\u015bci Rz\u0105du Federalnego, Ludwig-Maximilians-Universit\u00e4t, a tym samym Geschwister-Scholl-Institute of Political Science, oferuje stymuluj\u0105ce \u015brodowisko do bada\u0144 i studi\u00f3w. Jego administracja i pracownicy utrzymuj\u0105 bliskie relacje z wieloma wiod\u0105cymi instytucjami akademickimi na ca\u0142ym \u015bwiecie.<\/p>\n<p>GSI doskonale obejmuje wszystkie podstawowe obszary nauk politycznych, zar\u00f3wno w badaniach, jak i nauczaniu, od teorii politycznej po por\u00f3wnanie system\u00f3w politycznych, stosunk\u00f3w mi\u0119dzynarodowych, metod nauk politycznych i edukacji obywatelskiej. \u0141\u0105czy wybitne badania z doskona\u0142ymi warunkami studiowania i najlepszymi kontaktami mi\u0119dzynarodowymi.<\/p>\n<p>Instytut jest zaanga\u017cowany w \u015bwiatopogl\u0105d tolerancji i demokracji, w nauczanie student\u00f3w warto\u015bci i zach\u0119canie ich do krytycznego podej\u015bcia.<\/p>\n<p>[\/et_pb_blurb][\/et_pb_column][\/et_pb_row][\/et_pb_section]<\/p>\n","protected":false},"excerpt":{"rendered":"<p>Partnerzy Za\u0142o\u017cony w 1290 roku UNIMC jest jednym z najstarszych uniwersytet\u00f3w w Europie i jedynym uniwersytetem we W\u0142oszech skupiaj\u0105cym si\u0119 wy\u0142\u0105cznie na naukach spo\u0142eczno-ekonomicznych i humanistycznych. Studentom oferowany jest szeroki zakres kurs\u00f3w, zar\u00f3wno w j\u0119zyku w\u0142oskim, jak i angielskim. Uniwersytet realizuje programy wymiany mi\u0119dzynarodowej z 132 instytucjami europejskimi, a kilka uniwersytet\u00f3w z kraj\u00f3w spoza UE [&hellip;]<\/p>\n","protected":false},"author":3,"featured_media":0,"parent":0,"menu_order":0,"comment_status":"closed","ping_status":"closed","template":"","meta":{"_et_pb_use_builder":"on","_et_pb_old_content":"","_et_gb_content_width":"","footnotes":""},"class_list":["post-523","page","type-page","status-publish","hentry"],"_links":{"self":[{"href":"https:\/\/www.pro-gendering.eu\/index.php?rest_route=\/wp\/v2\/pages\/523","targetHints":{"allow":["GET"]}}],"collection":[{"href":"https:\/\/www.pro-gendering.eu\/index.php?rest_route=\/wp\/v2\/pages"}],"about":[{"href":"https:\/\/www.pro-gendering.eu\/index.php?rest_route=\/wp\/v2\/types\/page"}],"author":[{"embeddable":true,"href":"https:\/\/www.pro-gendering.eu\/index.php?rest_route=\/wp\/v2\/users\/3"}],"replies":[{"embeddable":true,"href":"https:\/\/www.pro-gendering.eu\/index.php?rest_route=%2Fwp%2Fv2%2Fcomments&post=523"}],"version-history":[{"count":3,"href":"https:\/\/www.pro-gendering.eu\/index.php?rest_route=\/wp\/v2\/pages\/523\/revisions"}],"predecessor-version":[{"id":526,"href":"https:\/\/www.pro-gendering.eu\/index.php?rest_route=\/wp\/v2\/pages\/523\/revisions\/526"}],"wp:attachment":[{"href":"https:\/\/www.pro-gendering.eu\/index.php?rest_route=%2Fwp%2Fv2%2Fmedia&parent=523"}],"curies":[{"name":"wp","href":"https:\/\/api.w.org\/{rel}","templated":true}]}}