{"id":574,"date":"2024-04-05T08:29:30","date_gmt":"2024-04-05T08:29:30","guid":{"rendered":"https:\/\/www.pro-gendering.eu\/?page_id=574"},"modified":"2024-04-05T08:31:35","modified_gmt":"2024-04-05T08:31:35","slug":"home_lt","status":"publish","type":"page","link":"https:\/\/www.pro-gendering.eu\/?page_id=574&lang=lt","title":{"rendered":"Home_lt"},"content":{"rendered":"<p>[et_pb_section fb_built=&#8221;1&#8243; admin_label=&#8221;Header&#8221; _builder_version=&#8221;4.24.2&#8243; _module_preset=&#8221;default&#8221; background_color=&#8221;#e5e7ea&#8221; use_background_color_gradient=&#8221;on&#8221; background_color_gradient_direction=&#8221;90deg&#8221; background_color_gradient_stops=&#8221;rgba(0,0,0,0) 50%|rgba(199,93,163,0.51) 50%&#8221; background_color_gradient_overlays_image=&#8221;on&#8221; background_color_gradient_start=&#8221;rgba(0,0,0,0)&#8221; background_color_gradient_start_position=&#8221;50%&#8221; background_color_gradient_end=&#8221;#92a5ab&#8221; background_color_gradient_end_position=&#8221;50%&#8221; background_image=&#8221;https:\/\/www.pro-gendering.eu\/wp-content\/uploads\/2024\/02\/estate-planning-77.png&#8221; background_position=&#8221;top_left&#8221; custom_padding=&#8221;||40px||false|false&#8221; bottom_divider_color=&#8221;#FFFFFF&#8221; bottom_divider_height=&#8221;4vw&#8221; global_colors_info=&#8221;{%22gcid-af512a5f-530a-4e80-bfc4-3632d9174c8b%22:%91%93,%22gcid-b593ef39-6aba-4318-8d2d-133b31113704%22:%91%93}&#8221; locked=&#8221;off&#8221; theme_builder_area=&#8221;post_content&#8221;][et_pb_row column_structure=&#8221;1_2,1_2&#8243; _builder_version=&#8221;4.16&#8243; _module_preset=&#8221;default&#8221; global_colors_info=&#8221;{}&#8221; theme_builder_area=&#8221;post_content&#8221;][et_pb_column type=&#8221;1_2&#8243; _builder_version=&#8221;4.16&#8243; _module_preset=&#8221;default&#8221; custom_padding=&#8221;10%||8vw||false|false&#8221; custom_padding_tablet=&#8221;0vw||0vw||true|false&#8221; custom_padding_phone=&#8221;&#8221; custom_padding_last_edited=&#8221;on|tablet&#8221; global_colors_info=&#8221;{}&#8221; theme_builder_area=&#8221;post_content&#8221;][et_pb_divider color=&#8221;#c75da3&#8243; divider_weight=&#8221;5px&#8221; _builder_version=&#8221;4.24.2&#8243; _module_preset=&#8221;default&#8221; max_width=&#8221;50px&#8221; custom_margin=&#8221;||0px||false|false&#8221; global_colors_info=&#8221;{}&#8221; theme_builder_area=&#8221;post_content&#8221;][\/et_pb_divider][et_pb_text _builder_version=&#8221;4.24.2&#8243; _module_preset=&#8221;b3e3ff14-5f5c-4608-8ecf-1885ce3da7aa&#8221; header_font=&#8221;Manrope|800|||||||&#8221; header_text_color=&#8221;#747d8c&#8221; header_font_size=&#8221;50px&#8221; custom_margin=&#8221;||10px||false|false&#8221; header_font_size_tablet=&#8221;40px&#8221; header_font_size_phone=&#8221;24px&#8221; header_font_size_last_edited=&#8221;on|desktop&#8221; global_colors_info=&#8221;{}&#8221; theme_builder_area=&#8221;post_content&#8221;]<\/p>\n<h1>PRO-GENDERING<\/h1>\n<p>[\/et_pb_text][et_pb_text _builder_version=&#8221;4.24.2&#8243; _module_preset=&#8221;default&#8221; text_font=&#8221;Manrope|300|||||||&#8221; text_text_color=&#8221;#747d8c&#8221; text_font_size=&#8221;28px&#8221; text_line_height=&#8221;1.5em&#8221; header_text_color=&#8221;#E02B20&#8243; global_colors_info=&#8221;{}&#8221; theme_builder_area=&#8221;post_content&#8221;]<\/p>\n<p>PROmoting Gender mainstrEaming iN acaDemia through thE enhancement of gendeR equalIty and iNclusion in hiGher education<\/p>\n<p>[\/et_pb_text][\/et_pb_column][et_pb_column type=&#8221;1_2&#8243; _builder_version=&#8221;4.16&#8243; _module_preset=&#8221;default&#8221; global_colors_info=&#8221;{}&#8221; theme_builder_area=&#8221;post_content&#8221;][et_pb_image src=&#8221;https:\/\/www.pro-gendering.eu\/wp-content\/uploads\/2024\/02\/estate-planning-53.png&#8221; title_text=&#8221;estate-planning-53&#8243; align=&#8221;right&#8221; align_tablet=&#8221;center&#8221; align_phone=&#8221;&#8221; align_last_edited=&#8221;on|tablet&#8221; _builder_version=&#8221;4.24.2&#8243; _module_preset=&#8221;default&#8221; width=&#8221;77%&#8221; custom_margin=&#8221;-40%||||false|false&#8221; custom_margin_tablet=&#8221;0%||||false|false&#8221; custom_margin_phone=&#8221;&#8221; custom_margin_last_edited=&#8221;on|desktop&#8221; border_radii=&#8221;on|50%|50%|50%|50%&#8221; global_colors_info=&#8221;{}&#8221; theme_builder_area=&#8221;post_content&#8221;][\/et_pb_image][et_pb_image src=&#8221;https:\/\/www.pro-gendering.eu\/wp-content\/uploads\/2024\/02\/estate-planning-10.png&#8221; title_text=&#8221;estate-planning-10&#8243; align=&#8221;right&#8221; align_tablet=&#8221;center&#8221; align_phone=&#8221;&#8221; align_last_edited=&#8221;on|tablet&#8221; _builder_version=&#8221;4.16&#8243; _module_preset=&#8221;default&#8221; custom_margin=&#8221;-40%||||false|false&#8221; global_colors_info=&#8221;{}&#8221; theme_builder_area=&#8221;post_content&#8221;][\/et_pb_image][et_pb_image src=&#8221;https:\/\/www.pro-gendering.eu\/wp-content\/uploads\/2024\/02\/prof1.jpg&#8221; title_text=&#8221;prof1&#8243; align=&#8221;right&#8221; align_tablet=&#8221;center&#8221; align_phone=&#8221;&#8221; align_last_edited=&#8221;on|tablet&#8221; _builder_version=&#8221;4.24.2&#8243; _module_preset=&#8221;default&#8221; width=&#8221;77%&#8221; custom_margin=&#8221;-40%||||false|false&#8221; custom_margin_tablet=&#8221;0%||||false|false&#8221; custom_margin_phone=&#8221;0%||||false|false&#8221; custom_margin_last_edited=&#8221;on|desktop&#8221; filter_saturate=&#8221;0%&#8221; filter_brightness=&#8221;117%&#8221; border_radii=&#8221;on|50%|50%|50%|50%&#8221; global_colors_info=&#8221;{}&#8221; theme_builder_area=&#8221;post_content&#8221;][\/et_pb_image][\/et_pb_column][\/et_pb_row][\/et_pb_section][et_pb_section fb_built=&#8221;1&#8243; admin_label=&#8221;Services&#8221; _builder_version=&#8221;4.24.2&#8243; _module_preset=&#8221;default&#8221; background_color=&#8221;#f1f2f6&#8243; background_enable_image=&#8221;off&#8221; custom_padding=&#8221;64px||4px||false|false&#8221; global_colors_info=&#8221;{}&#8221; locked=&#8221;off&#8221; theme_builder_area=&#8221;post_content&#8221;][et_pb_row _builder_version=&#8221;4.16&#8243; _module_preset=&#8221;default&#8221; custom_padding=&#8221;||6px|||&#8221; global_colors_info=&#8221;{}&#8221; theme_builder_area=&#8221;post_content&#8221;][et_pb_column type=&#8221;4_4&#8243; _builder_version=&#8221;4.16&#8243; _module_preset=&#8221;default&#8221; global_colors_info=&#8221;{}&#8221; theme_builder_area=&#8221;post_content&#8221;][et_pb_text _builder_version=&#8221;4.24.3&#8243; _module_preset=&#8221;90865f4d-2cce-42a7-b40e-d3fbad25605a&#8221; text_font=&#8221;||||||||&#8221; text_text_color=&#8221;#000000&#8243; text_font_size=&#8221;16px&#8221; text_line_height=&#8221;1.8em&#8221; header_font_size=&#8221;22px&#8221; header_line_height=&#8221;1.5em&#8221; header_2_font=&#8221;DM Serif Display||||||||&#8221; header_2_text_color=&#8221;#000000&#8243; header_2_font_size=&#8221;48px&#8221; header_2_line_height=&#8221;1.2em&#8221; module_alignment=&#8221;center&#8221; custom_margin=&#8221;||10px||false|false&#8221; hover_enabled=&#8221;0&#8243; header_2_font_size_tablet=&#8221;32px&#8221; header_2_font_size_phone=&#8221;20px&#8221; header_2_font_size_last_edited=&#8221;on|phone&#8221; global_colors_info=&#8221;{}&#8221; theme_builder_area=&#8221;post_content&#8221; sticky_enabled=&#8221;0&#8243;]<\/p>\n<p>Labai svarbu u\u017etikrinti teisingum\u0105 vis\u0173 ly\u010di\u0173 at\u017evilgiu auk\u0161tajame moksle, tod\u0117l labai svarbu tur\u0117ti ai\u0161kius ly\u010di\u0173 lygyb\u0117s planus ir atid\u017eiai steb\u0117ti, kaip jie vykdomi. Moterys da\u017enai susiduria su kli\u016btimis, tokiomis kaip ma\u017eiau vadovaujan\u010di\u0173 vaidmen\u0173 arba nes\u0105\u017einingas elgesys, ir \u0161ie planai padeda \u017eingsnis po \u017eingsnio spr\u0119sti \u0161ias problemas. Atid\u017eiai steb\u0117damos, kaip \u0161ie planai veikia, auk\u0161tojo mokslo institucijos gali \u012fsitikinti, kad daro reali\u0105 pa\u017eang\u0105, ir sukurti aplink\u0105, kurioje kiekvienas, nepaisant jo lyties, gali pasisekti ir k\u0105 nors pakeisti.<\/p>\n<p>PRO-GENDERING (LY\u010cI\u0172 LYGYB\u0116 IR \u012eTRAUKIMAS AUK\u0160TOJOJE MOKYMOJE ) yra Erasmus+ projektas, kuriuo siekiama skatinti ly\u010di\u0173 lygyb\u0117s auk\u0161tajame moksle (HED) \u012fgyvendinant ir stebint ly\u010di\u0173 lygyb\u0117s planus (GEP).<\/p>\n<p>PRO-GENDERING siekia pa\u0161alinti neaktyvi\u0173 ir neveiksming\u0173 ly\u010di\u0173 lygyb\u0117s plan\u0173 rizik\u0105 ir palengvinti auk\u0161t\u0173j\u0173 mokykl\u0173 strukt\u016brinius ir kult\u016brinius poky\u010dius, susijusius su ly\u010di\u0173 lygybe, didinant HED sektoriaus geb\u0117jimus \u012fgyvendinti ir steb\u0117ti \/ vertinti GEP. Studentai nuo pat projekto prad\u017eios atliks svarb\u0173 vaidmen\u012f, leisdami ne tik gerinti j\u0173 savimon\u0119 \u0161ia tema, bet ir kurti akademin\u0119 bendruomen\u0119, kuri yra \u012ftraukesn\u0117, \u012fvairesn\u0117 ir apima poky\u010dius i\u0161 apa\u010dios.<\/p>\n<p>[\/et_pb_text][\/et_pb_column][\/et_pb_row][\/et_pb_section][et_pb_section fb_built=&#8221;1&#8243; admin_label=&#8221;About&#8221; _builder_version=&#8221;4.24.2&#8243; _module_preset=&#8221;default&#8221; background_color=&#8221;#f1f2f6&#8243; overflow-x=&#8221;hidden&#8221; overflow-y=&#8221;hidden&#8221; custom_padding=&#8221;0vw||7px||false|false&#8221; top_divider_height=&#8221;3vw&#8221; top_divider_flip=&#8221;horizontal&#8221; global_colors_info=&#8221;{%22gcid-0ce8a763-63f9-4b73-a0c5-972528f981a1%22:%91%93}&#8221; locked=&#8221;off&#8221; theme_builder_area=&#8221;post_content&#8221;][et_pb_row _builder_version=&#8221;4.24.2&#8243; _module_preset=&#8221;default&#8221; custom_margin=&#8221;-1px||||false|false&#8221; custom_padding=&#8221;0px||||false|false&#8221; global_colors_info=&#8221;{}&#8221; theme_builder_area=&#8221;post_content&#8221;][et_pb_column type=&#8221;4_4&#8243; _builder_version=&#8221;4.24.2&#8243; _module_preset=&#8221;default&#8221; horizontal_offset=&#8221;0px&#8221; global_colors_info=&#8221;{}&#8221; theme_builder_area=&#8221;post_content&#8221;][et_pb_image src=&#8221;https:\/\/www.pro-gendering.eu\/wp-content\/uploads\/2024\/02\/estate-planning-36.png&#8221; title_text=&#8221;estate-planning-36&#8243; _builder_version=&#8221;4.24.2&#8243; _module_preset=&#8221;default&#8221; positioning=&#8221;absolute&#8221; vertical_offset=&#8221;98px&#8221; horizontal_offset=&#8221;-13px&#8221; width=&#8221;72%&#8221; custom_margin=&#8221;|||-1.9%|false|false&#8221; custom_padding=&#8221;0px|||||&#8221; global_colors_info=&#8221;{}&#8221; theme_builder_area=&#8221;post_content&#8221;][\/et_pb_image][et_pb_image src=&#8221;https:\/\/www.pro-gendering.eu\/wp-content\/uploads\/2024\/02\/prof2.jpg&#8221; title_text=&#8221;prof2&#8243; align=&#8221;center&#8221; _builder_version=&#8221;4.24.2&#8243; _module_preset=&#8221;default&#8221; position_origin_a=&#8221;top_center&#8221; width=&#8221;47%&#8221; module_alignment=&#8221;center&#8221; custom_margin=&#8221;59px||||false|false&#8221; filter_saturate=&#8221;0%&#8221; filter_brightness=&#8221;116%&#8221; border_radii=&#8221;on|100%|100%|100%|100%&#8221; global_colors_info=&#8221;{}&#8221; theme_builder_area=&#8221;post_content&#8221;][\/et_pb_image][et_pb_image src=&#8221;https:\/\/www.pro-gendering.eu\/wp-content\/uploads\/2024\/02\/estate-planning-10.png&#8221; title_text=&#8221;estate-planning-10&#8243; _builder_version=&#8221;4.24.2&#8243; _module_preset=&#8221;default&#8221; positioning=&#8221;absolute&#8221; position_origin_a=&#8221;top_right&#8221; vertical_offset=&#8221;129px&#8221; horizontal_offset=&#8221;-152px&#8221; vertical_offset_last_edited=&#8221;off|phone&#8221; horizontal_offset_tablet=&#8221;-10%&#8221; horizontal_offset_phone=&#8221;-10%&#8221; horizontal_offset_last_edited=&#8221;off|desktop&#8221; position_origin_a_last_edited=&#8221;off|desktop&#8221; position_origin_f_last_edited=&#8221;off|desktop&#8221; position_origin_r_last_edited=&#8221;off|desktop&#8221; width=&#8221;72%&#8221; custom_margin=&#8221;|-18%|||false|false&#8221; positioning_last_edited=&#8221;off|desktop&#8221; global_colors_info=&#8221;{}&#8221; theme_builder_area=&#8221;post_content&#8221;][\/et_pb_image][\/et_pb_column][\/et_pb_row][\/et_pb_section][et_pb_section fb_built=&#8221;1&#8243; admin_label=&#8221;How It Works&#8221; _builder_version=&#8221;4.24.2&#8243; _module_preset=&#8221;default&#8221; background_color=&#8221;#f1f2f6&#8243; background_image=&#8221;https:\/\/www.pro-gendering.eu\/wp-content\/uploads\/2024\/02\/estate-planning-24.png&#8221; background_size=&#8221;custom&#8221; custom_margin=&#8221;||0px||false|false&#8221; custom_padding=&#8221;||231px||false|false&#8221; global_colors_info=&#8221;{}&#8221; locked=&#8221;off&#8221; theme_builder_area=&#8221;post_content&#8221;][et_pb_row _builder_version=&#8221;4.24.2&#8243; _module_preset=&#8221;default&#8221; module_alignment=&#8221;center&#8221; global_colors_info=&#8221;{}&#8221; theme_builder_area=&#8221;post_content&#8221;][et_pb_column type=&#8221;4_4&#8243; _builder_version=&#8221;4.16&#8243; _module_preset=&#8221;default&#8221; global_colors_info=&#8221;{}&#8221; theme_builder_area=&#8221;post_content&#8221;][et_pb_text _builder_version=&#8221;4.24.3&#8243; _module_preset=&#8221;90865f4d-2cce-42a7-b40e-d3fbad25605a&#8221; header_text_color=&#8221;#c75ca3&#8243; header_font_size=&#8221;45px&#8221; header_2_font=&#8221;DM Serif Display||||||||&#8221; header_2_text_color=&#8221;#000000&#8243; header_2_font_size=&#8221;48px&#8221; header_2_line_height=&#8221;1.2em&#8221; max_width=&#8221;700px&#8221; module_alignment=&#8221;center&#8221; custom_margin=&#8221;||10px||false|false&#8221; hover_enabled=&#8221;0&#8243; header_2_font_size_tablet=&#8221;32px&#8221; header_2_font_size_phone=&#8221;20px&#8221; header_2_font_size_last_edited=&#8221;on|phone&#8221; locked=&#8221;off&#8221; global_colors_info=&#8221;{}&#8221; theme_builder_area=&#8221;post_content&#8221; sticky_enabled=&#8221;0&#8243;]<\/p>\n<h1 style=\"text-align: center;\"><strong>M\u016bs\u0173 tikslai<\/strong><\/h1>\n<p>[\/et_pb_text][\/et_pb_column][\/et_pb_row][et_pb_row column_structure=&#8221;1_4,1_4,1_4,1_4&#8243; use_custom_gutter=&#8221;on&#8221; gutter_width=&#8221;2&#8243; make_equal=&#8221;on&#8221; _builder_version=&#8221;4.24.2&#8243; _module_preset=&#8221;default&#8221; global_colors_info=&#8221;{}&#8221; theme_builder_area=&#8221;post_content&#8221;][et_pb_column type=&#8221;1_4&#8243; _builder_version=&#8221;4.24.2&#8243; _module_preset=&#8221;default&#8221; background_color=&#8221;#FFFFFF&#8221; custom_padding=&#8221;|24px||24px|false|true&#8221; border_radii=&#8221;off|15px|15px|15px|15px&#8221; global_colors_info=&#8221;{}&#8221; theme_builder_area=&#8221;post_content&#8221;][et_pb_text _builder_version=&#8221;4.24.2&#8243; _module_preset=&#8221;default&#8221; text_font=&#8221;DM Serif Display||||||||&#8221; text_text_color=&#8221;rgba(0,0,0,0.1)&#8221; text_font_size=&#8221;48px&#8221; text_line_height=&#8221;1.1em&#8221; header_font=&#8221;DM Serif Display||||||||&#8221; header_text_color=&#8221;#000000&#8243; header_font_size=&#8221;70px&#8221; header_line_height=&#8221;1.1em&#8221; custom_margin=&#8221;||10px||false|false&#8221; header_font_size_tablet=&#8221;40px&#8221; header_font_size_phone=&#8221;24px&#8221; header_font_size_last_edited=&#8221;on|desktop&#8221; global_colors_info=&#8221;{}&#8221; theme_builder_area=&#8221;post_content&#8221;]<\/p>\n<p>01<\/p>\n<p>[\/et_pb_text][et_pb_text _builder_version=&#8221;4.24.3&#8243; _module_preset=&#8221;94303537-339d-484d-8204-fdaf972d663a&#8221; text_font_size=&#8221;13px&#8221; header_font=&#8221;||||||||&#8221; header_font_size=&#8221;18px&#8221; header_line_height=&#8221;1.2em&#8221; header_3_font=&#8221;DM Serif Display||||||||&#8221; header_3_text_color=&#8221;#000000&#8243; header_3_line_height=&#8221;1.3em&#8221; custom_margin=&#8221;||5px||false|false&#8221; custom_padding=&#8221;||||false|false&#8221; hover_enabled=&#8221;0&#8243; header_3_font_size_tablet=&#8221;20px&#8221; header_3_font_size_phone=&#8221;16px&#8221; header_3_font_size_last_edited=&#8221;on|phone&#8221; global_colors_info=&#8221;{}&#8221; theme_builder_area=&#8221;post_content&#8221; sticky_enabled=&#8221;0&#8243;]<\/p>\n<h1>skatinti ly\u010di\u0173 lygyb\u0119, \u012ftraukt\u012f, \u012fvairov\u0119 ir pagarb\u0105 skirtumams akademin\u0117je bendruomen\u0117je<\/h1>\n<p>[\/et_pb_text][\/et_pb_column][et_pb_column type=&#8221;1_4&#8243; _builder_version=&#8221;4.24.2&#8243; _module_preset=&#8221;default&#8221; background_color=&#8221;#FFFFFF&#8221; custom_padding=&#8221;|24px||24px|false|true&#8221; border_radii=&#8221;off|15px|15px|15px|15px&#8221; global_colors_info=&#8221;{}&#8221; theme_builder_area=&#8221;post_content&#8221;][et_pb_text _builder_version=&#8221;4.24.2&#8243; _module_preset=&#8221;default&#8221; text_font=&#8221;DM Serif Display||||||||&#8221; text_text_color=&#8221;rgba(0,0,0,0.1)&#8221; text_font_size=&#8221;48px&#8221; text_line_height=&#8221;1.1em&#8221; header_font=&#8221;DM Serif Display||||||||&#8221; header_text_color=&#8221;#000000&#8243; header_font_size=&#8221;70px&#8221; header_line_height=&#8221;1.1em&#8221; custom_margin=&#8221;||10px||false|false&#8221; header_font_size_tablet=&#8221;40px&#8221; header_font_size_phone=&#8221;24px&#8221; header_font_size_last_edited=&#8221;on|desktop&#8221; global_colors_info=&#8221;{}&#8221; theme_builder_area=&#8221;post_content&#8221;]<\/p>\n<p>02<\/p>\n<p>[\/et_pb_text][et_pb_text _builder_version=&#8221;4.24.3&#8243; _module_preset=&#8221;94303537-339d-484d-8204-fdaf972d663a&#8221; header_font=&#8221;||||||||&#8221; header_font_size=&#8221;18px&#8221; header_line_height=&#8221;1.2em&#8221; header_3_font=&#8221;DM Serif Display||||||||&#8221; header_3_text_color=&#8221;#000000&#8243; header_3_line_height=&#8221;1.3em&#8221; custom_margin=&#8221;||5px||false|false&#8221; custom_padding=&#8221;||||false|false&#8221; hover_enabled=&#8221;0&#8243; header_3_font_size_tablet=&#8221;20px&#8221; header_3_font_size_phone=&#8221;16px&#8221; header_3_font_size_last_edited=&#8221;on|phone&#8221; global_colors_info=&#8221;{}&#8221; theme_builder_area=&#8221;post_content&#8221; sticky_enabled=&#8221;0&#8243;]<\/p>\n<h1>stiprinti universitet\u0173 geb\u0117jimus kurti \u012ftraukaus \u0161vietimo bendruomenes teikiant praktin\u0119 patirt\u012f ly\u010di\u0173 lygyb\u0117s \u0161vietimo planams (GEP) \u012fgyvendinti<\/h1>\n<p>[\/et_pb_text][\/et_pb_column][et_pb_column type=&#8221;1_4&#8243; _builder_version=&#8221;4.24.2&#8243; _module_preset=&#8221;default&#8221; background_color=&#8221;#FFFFFF&#8221; custom_padding=&#8221;|24px||24px|false|true&#8221; border_radii=&#8221;off|15px|15px|15px|15px&#8221; global_colors_info=&#8221;{}&#8221; theme_builder_area=&#8221;post_content&#8221;][et_pb_text _builder_version=&#8221;4.24.2&#8243; _module_preset=&#8221;default&#8221; text_font=&#8221;DM Serif Display||||||||&#8221; text_text_color=&#8221;rgba(0,0,0,0.1)&#8221; text_font_size=&#8221;48px&#8221; text_line_height=&#8221;1.1em&#8221; header_font=&#8221;DM Serif Display||||||||&#8221; header_text_color=&#8221;#000000&#8243; header_font_size=&#8221;70px&#8221; header_line_height=&#8221;1.1em&#8221; custom_margin=&#8221;||10px||false|false&#8221; header_font_size_tablet=&#8221;40px&#8221; header_font_size_phone=&#8221;24px&#8221; header_font_size_last_edited=&#8221;on|desktop&#8221; global_colors_info=&#8221;{}&#8221; theme_builder_area=&#8221;post_content&#8221;]<\/p>\n<p>03<\/p>\n<p>[\/et_pb_text][et_pb_text _builder_version=&#8221;4.24.3&#8243; _module_preset=&#8221;94303537-339d-484d-8204-fdaf972d663a&#8221; header_font=&#8221;||||||||&#8221; header_font_size=&#8221;18px&#8221; header_line_height=&#8221;1.2em&#8221; header_3_font=&#8221;DM Serif Display||||||||&#8221; header_3_text_color=&#8221;#000000&#8243; header_3_line_height=&#8221;1.3em&#8221; custom_margin=&#8221;||5px||false|false&#8221; custom_padding=&#8221;||||false|false&#8221; hover_enabled=&#8221;0&#8243; header_3_font_size_tablet=&#8221;20px&#8221; header_3_font_size_phone=&#8221;16px&#8221; header_3_font_size_last_edited=&#8221;on|phone&#8221; global_colors_info=&#8221;{}&#8221; theme_builder_area=&#8221;post_content&#8221; sticky_enabled=&#8221;0&#8243;]<\/p>\n<h1>\u0161viesti universiteto studentus GEP tema<\/h1>\n<p>[\/et_pb_text][\/et_pb_column][et_pb_column type=&#8221;1_4&#8243; _builder_version=&#8221;4.24.2&#8243; _module_preset=&#8221;default&#8221; background_color=&#8221;#FFFFFF&#8221; custom_padding=&#8221;|24px||24px|false|true&#8221; border_radii=&#8221;off|15px|15px|15px|15px&#8221; global_colors_info=&#8221;{}&#8221; theme_builder_area=&#8221;post_content&#8221;][et_pb_text _builder_version=&#8221;4.24.2&#8243; _module_preset=&#8221;default&#8221; text_font=&#8221;DM Serif Display||||||||&#8221; text_text_color=&#8221;rgba(0,0,0,0.1)&#8221; text_font_size=&#8221;48px&#8221; text_line_height=&#8221;1.1em&#8221; header_font=&#8221;DM Serif Display||||||||&#8221; header_text_color=&#8221;#000000&#8243; header_font_size=&#8221;70px&#8221; header_line_height=&#8221;1.1em&#8221; custom_margin=&#8221;||10px||false|false&#8221; header_font_size_tablet=&#8221;40px&#8221; header_font_size_phone=&#8221;24px&#8221; header_font_size_last_edited=&#8221;on|desktop&#8221; global_colors_info=&#8221;{}&#8221; theme_builder_area=&#8221;post_content&#8221;]<\/p>\n<p>04<\/p>\n<p>[\/et_pb_text][et_pb_text _builder_version=&#8221;4.24.3&#8243; _module_preset=&#8221;94303537-339d-484d-8204-fdaf972d663a&#8221; header_font=&#8221;||||||||&#8221; header_font_size=&#8221;18px&#8221; header_line_height=&#8221;1.2em&#8221; header_3_font=&#8221;DM Serif Display||||||||&#8221; header_3_text_color=&#8221;#000000&#8243; header_3_line_height=&#8221;1.3em&#8221; custom_margin=&#8221;||5px||false|false&#8221; custom_padding=&#8221;||||false|false&#8221; hover_enabled=&#8221;0&#8243; header_3_font_size_tablet=&#8221;20px&#8221; header_3_font_size_phone=&#8221;16px&#8221; header_3_font_size_last_edited=&#8221;on|phone&#8221; global_colors_info=&#8221;{}&#8221; theme_builder_area=&#8221;post_content&#8221; sticky_enabled=&#8221;0&#8243;]<\/p>\n<h1>didinti universitet\u0173 darbuotoj\u0173 geb\u0117jimus skatinti ly\u010di\u0173 lygyb\u0119 ir stiprinti \u017eini\u0173 perdavim\u0105 tarp pilietin\u0117s visuomen\u0117s organizacij\u0173 (PVO), universitet\u0173 ir kit\u0173 suinteresuot\u0173j\u0173 \u0161ali\u0173<\/h1>\n<p>[\/et_pb_text][\/et_pb_column][\/et_pb_row][\/et_pb_section]<\/p>\n","protected":false},"excerpt":{"rendered":"<p>PRO-GENDERINGPROmoting Gender mainstrEaming iN acaDemia through thE enhancement of gendeR equalIty and iNclusion in hiGher educationLabai svarbu u\u017etikrinti teisingum\u0105 vis\u0173 ly\u010di\u0173 at\u017evilgiu auk\u0161tajame moksle, tod\u0117l labai svarbu tur\u0117ti ai\u0161kius ly\u010di\u0173 lygyb\u0117s planus ir atid\u017eiai steb\u0117ti, kaip jie vykdomi. Moterys da\u017enai susiduria su kli\u016btimis, tokiomis kaip ma\u017eiau vadovaujan\u010di\u0173 vaidmen\u0173 arba nes\u0105\u017einingas elgesys, ir \u0161ie planai padeda [&hellip;]<\/p>\n","protected":false},"author":3,"featured_media":0,"parent":0,"menu_order":0,"comment_status":"closed","ping_status":"closed","template":"","meta":{"_et_pb_use_builder":"on","_et_pb_old_content":"","_et_gb_content_width":"","footnotes":""},"class_list":["post-574","page","type-page","status-publish","hentry"],"_links":{"self":[{"href":"https:\/\/www.pro-gendering.eu\/index.php?rest_route=\/wp\/v2\/pages\/574","targetHints":{"allow":["GET"]}}],"collection":[{"href":"https:\/\/www.pro-gendering.eu\/index.php?rest_route=\/wp\/v2\/pages"}],"about":[{"href":"https:\/\/www.pro-gendering.eu\/index.php?rest_route=\/wp\/v2\/types\/page"}],"author":[{"embeddable":true,"href":"https:\/\/www.pro-gendering.eu\/index.php?rest_route=\/wp\/v2\/users\/3"}],"replies":[{"embeddable":true,"href":"https:\/\/www.pro-gendering.eu\/index.php?rest_route=%2Fwp%2Fv2%2Fcomments&post=574"}],"version-history":[{"count":3,"href":"https:\/\/www.pro-gendering.eu\/index.php?rest_route=\/wp\/v2\/pages\/574\/revisions"}],"predecessor-version":[{"id":577,"href":"https:\/\/www.pro-gendering.eu\/index.php?rest_route=\/wp\/v2\/pages\/574\/revisions\/577"}],"wp:attachment":[{"href":"https:\/\/www.pro-gendering.eu\/index.php?rest_route=%2Fwp%2Fv2%2Fmedia&parent=574"}],"curies":[{"name":"wp","href":"https:\/\/api.w.org\/{rel}","templated":true}]}}