{"id":587,"date":"2024-04-05T08:36:02","date_gmt":"2024-04-05T08:36:02","guid":{"rendered":"https:\/\/www.pro-gendering.eu\/?page_id=587"},"modified":"2026-03-09T07:20:34","modified_gmt":"2026-03-09T07:20:34","slug":"rezultatai","status":"publish","type":"page","link":"https:\/\/www.pro-gendering.eu\/?page_id=587&lang=lt","title":{"rendered":"Rezultatai"},"content":{"rendered":"<p>[et_pb_section fb_built=&#8221;1&#8243; admin_label=&#8221;Header&#8221; _builder_version=&#8221;4.24.2&#8243; _module_preset=&#8221;default&#8221; background_color=&#8221;#e5e7ea&#8221; use_background_color_gradient=&#8221;on&#8221; background_color_gradient_direction=&#8221;90deg&#8221; background_color_gradient_stops=&#8221;rgba(0,0,0,0) 50%|rgba(199,93,163,0.51) 50%&#8221; background_color_gradient_overlays_image=&#8221;on&#8221; background_color_gradient_start=&#8221;rgba(0,0,0,0)&#8221; background_color_gradient_start_position=&#8221;50%&#8221; background_color_gradient_end=&#8221;#92a5ab&#8221; background_color_gradient_end_position=&#8221;50%&#8221; background_image=&#8221;https:\/\/www.pro-gendering.eu\/wp-content\/uploads\/2024\/02\/estate-planning-77.png&#8221; background_position=&#8221;top_left&#8221; height=&#8221;339px&#8221; custom_padding=&#8221;||40px||false|false&#8221; bottom_divider_color=&#8221;#FFFFFF&#8221; bottom_divider_height=&#8221;4vw&#8221; locked=&#8221;off&#8221; global_colors_info=&#8221;{%22gcid-af512a5f-530a-4e80-bfc4-3632d9174c8b%22:%91%93,%22gcid-b593ef39-6aba-4318-8d2d-133b31113704%22:%91%93}&#8221;][et_pb_row column_structure=&#8221;1_2,1_2&#8243; _builder_version=&#8221;4.24.2&#8243; _module_preset=&#8221;default&#8221; custom_padding=&#8221;0px||||false|false&#8221; global_colors_info=&#8221;{}&#8221;][et_pb_column type=&#8221;1_2&#8243; _builder_version=&#8221;4.24.2&#8243; _module_preset=&#8221;default&#8221; custom_padding=&#8221;5%||8vw||false|false&#8221; custom_padding_tablet=&#8221;0vw||0vw||true|false&#8221; custom_padding_phone=&#8221;&#8221; custom_padding_last_edited=&#8221;on|tablet&#8221; global_colors_info=&#8221;{}&#8221;][et_pb_divider color=&#8221;#c75da3&#8243; divider_weight=&#8221;5px&#8221; _builder_version=&#8221;4.24.2&#8243; _module_preset=&#8221;default&#8221; max_width=&#8221;50px&#8221; custom_margin=&#8221;||0px||false|false&#8221; global_colors_info=&#8221;{}&#8221;][\/et_pb_divider][et_pb_text _builder_version=&#8221;4.24.3&#8243; _module_preset=&#8221;b3e3ff14-5f5c-4608-8ecf-1885ce3da7aa&#8221; header_font=&#8221;Manrope|800|||||||&#8221; header_text_color=&#8221;#747d8c&#8221; header_font_size=&#8221;50px&#8221; custom_margin=&#8221;||10px||false|false&#8221; header_font_size_tablet=&#8221;40px&#8221; header_font_size_phone=&#8221;24px&#8221; header_font_size_last_edited=&#8221;on|desktop&#8221; global_colors_info=&#8221;{}&#8221;]<\/p>\n<h1>Rezultatai ir I\u0161\u0117jimai<\/h1>\n<p>[\/et_pb_text][\/et_pb_column][et_pb_column type=&#8221;1_2&#8243; _builder_version=&#8221;4.16&#8243; _module_preset=&#8221;default&#8221; global_colors_info=&#8221;{}&#8221;][et_pb_image src=&#8221;https:\/\/www.pro-gendering.eu\/wp-content\/uploads\/2024\/02\/estate-planning-53.png&#8221; title_text=&#8221;estate-planning-53&#8243; align=&#8221;right&#8221; align_tablet=&#8221;center&#8221; align_phone=&#8221;&#8221; align_last_edited=&#8221;on|tablet&#8221; _builder_version=&#8221;4.24.2&#8243; _module_preset=&#8221;default&#8221; width=&#8221;68%&#8221; custom_margin=&#8221;-40%||||false|false&#8221; custom_margin_tablet=&#8221;0%||||false|false&#8221; custom_margin_phone=&#8221;&#8221; custom_margin_last_edited=&#8221;on|desktop&#8221; border_radii=&#8221;on|50%|50%|50%|50%&#8221; global_colors_info=&#8221;{}&#8221;][\/et_pb_image][et_pb_image src=&#8221;https:\/\/www.pro-gendering.eu\/wp-content\/uploads\/2024\/02\/results.jpg&#8221; title_text=&#8221;results&#8221; align=&#8221;right&#8221; align_tablet=&#8221;center&#8221; align_phone=&#8221;&#8221; align_last_edited=&#8221;on|tablet&#8221; _builder_version=&#8221;4.24.2&#8243; _module_preset=&#8221;default&#8221; width=&#8221;66%&#8221; custom_margin=&#8221;-40%||||false|false&#8221; custom_margin_tablet=&#8221;0%||||false|false&#8221; custom_margin_phone=&#8221;0%||||false|false&#8221; custom_margin_last_edited=&#8221;on|desktop&#8221; filter_saturate=&#8221;0%&#8221; filter_brightness=&#8221;117%&#8221; border_radii=&#8221;on|50%|50%|50%|50%&#8221; global_colors_info=&#8221;{}&#8221;][\/et_pb_image][\/et_pb_column][\/et_pb_row][\/et_pb_section][et_pb_section fb_built=&#8221;1&#8243; admin_label=&#8221;About&#8221; _builder_version=&#8221;4.24.2&#8243; _module_preset=&#8221;default&#8221; background_color=&#8221;#f1f2f6&#8243; background_enable_image=&#8221;off&#8221; custom_padding=&#8221;5vw||226px||false|false&#8221; locked=&#8221;off&#8221; global_colors_info=&#8221;{}&#8221;][et_pb_row _builder_version=&#8221;4.24.2&#8243; _module_preset=&#8221;default&#8221; global_colors_info=&#8221;{}&#8221;][et_pb_column type=&#8221;4_4&#8243; _builder_version=&#8221;4.24.2&#8243; _module_preset=&#8221;default&#8221; global_colors_info=&#8221;{}&#8221;][et_pb_toggle title=&#8221;Ly\u010di\u0173 lygyb\u0117s plan\u0173 \u012fgyvendinimo auk\u0161tosiose mokyklose vadovas&#8221; _builder_version=&#8221;4.27.4&#8243; _module_preset=&#8221;default&#8221; title_font_size=&#8221;25px&#8221; body_font_size=&#8221;16px&#8221; background_color=&#8221;#FFFFFF&#8221; box_shadow_style=&#8221;preset2&#8243; global_colors_info=&#8221;{}&#8221;]<\/p>\n<p>Vadovas, sudarytas i\u0161 naujovi\u0161k\u0173 metod\u0173 ir priemoni\u0173, padedan\u010di\u0173 auk\u0161tojo mokslo institucijoms taikyti, steb\u0117ti ir vertinti savo GEP \u012fgyvendinim\u0105. Rezultatai prisid\u0117s prie ly\u010di\u0173 lygyb\u0117s kult\u016bros ugdymo auk\u0161tosiose mokyklose.<\/p>\n<p>Joje ypatingas d\u0117mesys skiriamas informuotumo apie ly\u010di\u0173 lygyb\u0119 gerinimo priemon\u0117ms, kovos su smurtu d\u0117l lyties priemon\u0117ms ir \u012ftraukiems miesteliams su prieinama darbo ir mokymosi aplinka, kurioje su kiekvienu elgiamasi pagarbiai.<\/p>\n<p>\u0160iuo tikslu bus rengiamos \u0161ali\u0173 ataskaitos, vykdant nacionalinio masto GEP \u012fgyvendinimo i\u0161tekli\u0173 ir poreiki\u0173 tyrimus, taip pat internetin\u0117 ataskaita, kaip lyginamosios \u201eGoogle\u201c skaidr\u0117s skaidr\u0117s.<\/p>\n<p>Yra angl\u0173, ital\u0173, lenk\u0173, graik\u0173, lietuvi\u0173, vokie\u010di\u0173 ir oland\u0173 kalbomis.<\/p>\n<p style=\"text-align: center;\"><span><div class=\"_df_book df-lite\" id=\"df_764\"  _slug=\"handbook-lt\" data-title=\"handbook-lt\" wpoptions=\"true\" thumb=\"https:\/\/www.pro-gendering.eu\/wp-content\/uploads\/2025\/04\/PR2_Handbook-for-implementing_LT-pdf.jpg\" thumbtype=\"\" ><\/div><script class=\"df-shortcode-script\" nowprocket type=\"application\/javascript\">window.option_df_764 = {\"outline\":[],\"autoEnableOutline\":\"false\",\"autoEnableThumbnail\":\"false\",\"overwritePDFOutline\":\"false\",\"direction\":\"1\",\"pageSize\":\"0\",\"source\":\"https:\\\/\\\/www.pro-gendering.eu\\\/wp-content\\\/uploads\\\/2025\\\/04\\\/PR2_Handbook-for-implementing_LT.pdf\",\"wpOptions\":\"true\"}; if(window.DFLIP && window.DFLIP.parseBooks){window.DFLIP.parseBooks();}<\/script><\/span><\/p>\n<p style=\"text-align: center;\"><a href=\"https:\/\/www.pro-gendering.eu\/wp-content\/uploads\/2025\/04\/PR2_Handbook-for-implementing_LT.pdf\" target=\"_blank\" rel=\"noopener\"><span>Atsisi\u0173skite \u010dia<\/span><\/a><\/p>\n<p>[\/et_pb_toggle][et_pb_toggle title=&#8221;S\u0105moningumo didinimo priemoni\u0173 rinkinys&#8221; _builder_version=&#8221;4.27.6&#8243; _module_preset=&#8221;default&#8221; title_font_size=&#8221;25px&#8221; body_font_size=&#8221;16px&#8221; background_color=&#8221;#FFFFFF&#8221; hover_enabled=&#8221;0&#8243; box_shadow_style=&#8221;preset2&#8243; global_colors_info=&#8221;{}&#8221; sticky_enabled=&#8221;0&#8243;]<\/p>\n<p>\u012eranki\u0173 rinkinyje yra \u012fvairi\u0173 priemoni\u0173, skirt\u0173 mokiniams.<\/p>\n<p>Priemon\u0117se pateikiamos gair\u0117s, kaip nustatyti tikslus ir u\u017edavinius; prane\u0161im\u0173 strukt\u016brizavimas; tinkam\u0173 priemoni\u0173 ir\/ar laikmen\u0173\/\u012franki\u0173 parinkimas; veiksm\u0173 plan\u0173 rengimas; taip pat informacija, i\u0161tekliai, med\u017eiaga ir veiklos pavyzd\u017eiai (pavyzd\u017eiui, informaciniai lapeliai, atvej\u0173 analiz\u0117, vaizdin\u0117s med\u017eiagos) ir kt.<\/p>\n<p>Priemoni\u0173 rinkinyje yra su lytimi susij\u0119 skyriai (pvz., \u012frankiai, skirti atspind\u0117ti savo ly\u010di\u0173 situacij\u0105 universitete arba ly\u010di\u0173 \u0161ali\u0161kumo atvejai HED).<\/p>\n<p>\u012e priemoni\u0173 rinkin\u012f gali b\u016bti \u012ftraukta veikla ir informacija \u012fvairiose srityse (pvz., \u012ftraukioji organizacin\u0117 kult\u016bra ir darbo ir asmeninio gyvenimo pusiausvyra; ly\u010di\u0173 pusiausvyra valdyme; lygyb\u0117 \u012fdarbinant ir karjeroje; ly\u010di\u0173 po\u017ei\u016bris \u012f mokslinius tyrimus ir mokym\u0105; priemon\u0117s prie\u0161 stereotipus, smurt\u0105 ir priekabiavim\u0105).<\/p>\n<p>Yra angl\u0173, ital\u0173, lenk\u0173, graik\u0173, lietuvi\u0173, vokie\u010di\u0173 ir oland\u0173 kalbomis.<\/p>\n<p><span><div class=\"_df_book df-lite\" id=\"df_837\"  _slug=\"toolkit-lt\" data-title=\"toolkit-lt\" wpoptions=\"true\" thumbtype=\"\" ><\/div><script class=\"df-shortcode-script\" nowprocket type=\"application\/javascript\">window.option_df_837 = {\"outline\":[],\"autoEnableOutline\":\"false\",\"autoEnableThumbnail\":\"false\",\"overwritePDFOutline\":\"false\",\"direction\":\"1\",\"pageSize\":\"0\",\"source\":\"https:\\\/\\\/www.pro-gendering.eu\\\/wp-content\\\/uploads\\\/2026\\\/03\\\/Progendering_WP3_ART_TOOLKIT_LT.pdf\",\"wpOptions\":\"true\"}; if(window.DFLIP && window.DFLIP.parseBooks){window.DFLIP.parseBooks();}<\/script><\/span><\/p>\n<p>[\/et_pb_toggle][et_pb_toggle title=&#8221;Nacionalin\u0117s politikos ataskaitos&#8221; _builder_version=&#8221;4.24.3&#8243; _module_preset=&#8221;default&#8221; title_font_size=&#8221;25px&#8221; body_font_size=&#8221;16px&#8221; background_color=&#8221;#FFFFFF&#8221; box_shadow_style=&#8221;preset2&#8243; global_colors_info=&#8221;{}&#8221;]<\/p>\n<p>Remdamasis projekto rezultat\u0173 poveikio vertinimu, i\u0161moktas pamokas, kiekvienas partneris savo nacionaline kalba parengia politikos ataskait\u0105, kurioje pateikia ger\u0105j\u0105 patirt\u012f ir politikos rekomendacijas visoms susijusioms suinteresuotosioms \u0161alims. Tai pad\u0117s sustiprinti politin\u012f dialog\u0105 ne tik tarp pagrindini\u0173 suinteresuot\u0173j\u0173 \u0161ali\u0173, bet ir tarp platesn\u0117s auditorijos.<\/p>\n<p>Yra angl\u0173, ital\u0173, lenk\u0173, graik\u0173, lietuvi\u0173, vokie\u010di\u0173 ir oland\u0173 kalbomis.<\/p>\n<p>[\/et_pb_toggle][\/et_pb_column][\/et_pb_row][\/et_pb_section]<\/p>\n","protected":false},"excerpt":{"rendered":"<p>Rezultatai ir I\u0161\u0117jimaiVadovas, sudarytas i\u0161 naujovi\u0161k\u0173 metod\u0173 ir priemoni\u0173, padedan\u010di\u0173 auk\u0161tojo mokslo institucijoms taikyti, steb\u0117ti ir vertinti savo GEP \u012fgyvendinim\u0105. Rezultatai prisid\u0117s prie ly\u010di\u0173 lygyb\u0117s kult\u016bros ugdymo auk\u0161tosiose mokyklose. Joje ypatingas d\u0117mesys skiriamas informuotumo apie ly\u010di\u0173 lygyb\u0119 gerinimo priemon\u0117ms, kovos su smurtu d\u0117l lyties priemon\u0117ms ir \u012ftraukiems miesteliams su prieinama darbo ir mokymosi aplinka, kurioje [&hellip;]<\/p>\n","protected":false},"author":3,"featured_media":0,"parent":0,"menu_order":0,"comment_status":"closed","ping_status":"closed","template":"","meta":{"_et_pb_use_builder":"on","_et_pb_old_content":"","_et_gb_content_width":"","footnotes":""},"class_list":["post-587","page","type-page","status-publish","hentry"],"_links":{"self":[{"href":"https:\/\/www.pro-gendering.eu\/index.php?rest_route=\/wp\/v2\/pages\/587","targetHints":{"allow":["GET"]}}],"collection":[{"href":"https:\/\/www.pro-gendering.eu\/index.php?rest_route=\/wp\/v2\/pages"}],"about":[{"href":"https:\/\/www.pro-gendering.eu\/index.php?rest_route=\/wp\/v2\/types\/page"}],"author":[{"embeddable":true,"href":"https:\/\/www.pro-gendering.eu\/index.php?rest_route=\/wp\/v2\/users\/3"}],"replies":[{"embeddable":true,"href":"https:\/\/www.pro-gendering.eu\/index.php?rest_route=%2Fwp%2Fv2%2Fcomments&post=587"}],"version-history":[{"count":5,"href":"https:\/\/www.pro-gendering.eu\/index.php?rest_route=\/wp\/v2\/pages\/587\/revisions"}],"predecessor-version":[{"id":840,"href":"https:\/\/www.pro-gendering.eu\/index.php?rest_route=\/wp\/v2\/pages\/587\/revisions\/840"}],"wp:attachment":[{"href":"https:\/\/www.pro-gendering.eu\/index.php?rest_route=%2Fwp%2Fv2%2Fmedia&parent=587"}],"curies":[{"name":"wp","href":"https:\/\/api.w.org\/{rel}","templated":true}]}}