{"id":593,"date":"2024-04-05T08:38:22","date_gmt":"2024-04-05T08:38:22","guid":{"rendered":"https:\/\/www.pro-gendering.eu\/?page_id=593"},"modified":"2024-04-05T08:41:17","modified_gmt":"2024-04-05T08:41:17","slug":"partneriai","status":"publish","type":"page","link":"https:\/\/www.pro-gendering.eu\/?page_id=593&lang=lt","title":{"rendered":"Partneriai"},"content":{"rendered":"<p>[et_pb_section fb_built=&#8221;1&#8243; admin_label=&#8221;Header&#8221; _builder_version=&#8221;4.24.2&#8243; _module_preset=&#8221;default&#8221; background_color=&#8221;#e5e7ea&#8221; use_background_color_gradient=&#8221;on&#8221; background_color_gradient_direction=&#8221;90deg&#8221; background_color_gradient_stops=&#8221;rgba(0,0,0,0) 50%|rgba(199,93,163,0.51) 50%&#8221; background_color_gradient_overlays_image=&#8221;on&#8221; background_color_gradient_start=&#8221;rgba(0,0,0,0)&#8221; background_color_gradient_start_position=&#8221;50%&#8221; background_color_gradient_end=&#8221;#92a5ab&#8221; background_color_gradient_end_position=&#8221;50%&#8221; background_image=&#8221;https:\/\/www.pro-gendering.eu\/wp-content\/uploads\/2024\/02\/estate-planning-77.png&#8221; background_position=&#8221;top_left&#8221; height=&#8221;339px&#8221; custom_padding=&#8221;||40px||false|false&#8221; bottom_divider_color=&#8221;#FFFFFF&#8221; bottom_divider_height=&#8221;4vw&#8221; locked=&#8221;off&#8221; global_colors_info=&#8221;{%22gcid-af512a5f-530a-4e80-bfc4-3632d9174c8b%22:%91%93,%22gcid-b593ef39-6aba-4318-8d2d-133b31113704%22:%91%93}&#8221; theme_builder_area=&#8221;post_content&#8221;][et_pb_row column_structure=&#8221;1_2,1_2&#8243; _builder_version=&#8221;4.24.2&#8243; _module_preset=&#8221;default&#8221; custom_padding=&#8221;0px||||false|false&#8221; global_colors_info=&#8221;{}&#8221; theme_builder_area=&#8221;post_content&#8221;][et_pb_column type=&#8221;1_2&#8243; _builder_version=&#8221;4.24.2&#8243; _module_preset=&#8221;default&#8221; custom_padding=&#8221;5%||8vw||false|false&#8221; custom_padding_tablet=&#8221;0vw||0vw||true|false&#8221; custom_padding_phone=&#8221;&#8221; custom_padding_last_edited=&#8221;on|tablet&#8221; global_colors_info=&#8221;{}&#8221; theme_builder_area=&#8221;post_content&#8221;][et_pb_divider color=&#8221;#c75da3&#8243; divider_weight=&#8221;5px&#8221; _builder_version=&#8221;4.24.2&#8243; _module_preset=&#8221;default&#8221; max_width=&#8221;50px&#8221; custom_margin=&#8221;||0px||false|false&#8221; global_colors_info=&#8221;{}&#8221; theme_builder_area=&#8221;post_content&#8221;][\/et_pb_divider][et_pb_text _builder_version=&#8221;4.24.3&#8243; _module_preset=&#8221;b3e3ff14-5f5c-4608-8ecf-1885ce3da7aa&#8221; header_font=&#8221;Manrope|800|||||||&#8221; header_text_color=&#8221;#747d8c&#8221; header_font_size=&#8221;50px&#8221; custom_margin=&#8221;||10px||false|false&#8221; hover_enabled=&#8221;0&#8243; header_font_size_tablet=&#8221;40px&#8221; header_font_size_phone=&#8221;24px&#8221; header_font_size_last_edited=&#8221;on|desktop&#8221; global_colors_info=&#8221;{}&#8221; theme_builder_area=&#8221;post_content&#8221; sticky_enabled=&#8221;0&#8243;]<\/p>\n<h1>Partneriai<\/h1>\n<p>[\/et_pb_text][\/et_pb_column][et_pb_column type=&#8221;1_2&#8243; _builder_version=&#8221;4.16&#8243; _module_preset=&#8221;default&#8221; global_colors_info=&#8221;{}&#8221; theme_builder_area=&#8221;post_content&#8221;][et_pb_image src=&#8221;https:\/\/www.pro-gendering.eu\/wp-content\/uploads\/2024\/02\/estate-planning-53.png&#8221; title_text=&#8221;estate-planning-53&#8243; align=&#8221;right&#8221; align_tablet=&#8221;center&#8221; align_phone=&#8221;&#8221; align_last_edited=&#8221;on|tablet&#8221; _builder_version=&#8221;4.24.2&#8243; _module_preset=&#8221;default&#8221; width=&#8221;68%&#8221; custom_margin=&#8221;-40%||||false|false&#8221; custom_margin_tablet=&#8221;0%||||false|false&#8221; custom_margin_phone=&#8221;&#8221; custom_margin_last_edited=&#8221;on|desktop&#8221; border_radii=&#8221;on|50%|50%|50%|50%&#8221; global_colors_info=&#8221;{}&#8221; theme_builder_area=&#8221;post_content&#8221;][\/et_pb_image][et_pb_image src=&#8221;https:\/\/www.pro-gendering.eu\/wp-content\/uploads\/2024\/02\/puzzle.jpg&#8221; title_text=&#8221;puzzle&#8221; align=&#8221;right&#8221; align_tablet=&#8221;center&#8221; align_phone=&#8221;&#8221; align_last_edited=&#8221;on|tablet&#8221; _builder_version=&#8221;4.24.2&#8243; _module_preset=&#8221;default&#8221; width=&#8221;66%&#8221; custom_margin=&#8221;-40%||||false|false&#8221; custom_margin_tablet=&#8221;0%||||false|false&#8221; custom_margin_phone=&#8221;0%||||false|false&#8221; custom_margin_last_edited=&#8221;on|desktop&#8221; filter_saturate=&#8221;0%&#8221; filter_brightness=&#8221;117%&#8221; border_radii=&#8221;on|50%|50%|50%|50%&#8221; global_colors_info=&#8221;{}&#8221; theme_builder_area=&#8221;post_content&#8221;][\/et_pb_image][\/et_pb_column][\/et_pb_row][\/et_pb_section][et_pb_section fb_built=&#8221;1&#8243; admin_label=&#8221;About&#8221; _builder_version=&#8221;4.24.2&#8243; _module_preset=&#8221;default&#8221; background_color=&#8221;#f1f2f6&#8243; custom_padding=&#8221;7vw||124px||false|false&#8221; global_colors_info=&#8221;{}&#8221; locked=&#8221;off&#8221; theme_builder_area=&#8221;post_content&#8221;][et_pb_row column_structure=&#8221;1_3,1_3,1_3&#8243; use_custom_gutter=&#8221;on&#8221; gutter_width=&#8221;2&#8243; _builder_version=&#8221;4.24.2&#8243; _module_preset=&#8221;default&#8221; global_colors_info=&#8221;{}&#8221; theme_builder_area=&#8221;post_content&#8221;][et_pb_column type=&#8221;1_3&#8243; _builder_version=&#8221;4.24.2&#8243; _module_preset=&#8221;default&#8221; global_colors_info=&#8221;{}&#8221; theme_builder_area=&#8221;post_content&#8221;][et_pb_blurb title=&#8221;Universit\u00e1 degli Studi di Macerata, Italija&#8221; image=&#8221;https:\/\/www.pro-gendering.eu\/wp-content\/uploads\/2024\/02\/unimc.jpg&#8221; _builder_version=&#8221;4.24.3&#8243; _module_preset=&#8221;default&#8221; header_font_size=&#8221;21px&#8221; header_line_height=&#8221;1.4em&#8221; body_font_size=&#8221;16px&#8221; link_option_url=&#8221;https:\/\/www.unimc.it\/it&#8221; link_option_url_new_window=&#8221;on&#8221; hover_enabled=&#8221;0&#8243; global_colors_info=&#8221;{}&#8221; theme_builder_area=&#8221;post_content&#8221; sticky_enabled=&#8221;0&#8243;]<\/p>\n<p>UNIMC, \u012fkurtas 1290 m., yra vienas seniausi\u0173 universitet\u0173 Europoje ir vienintelis universitetas Italijoje, kuriame daugiausia d\u0117mesio skiriama socialiniams ir ekonominiams bei humanitariniams mokslams. Studentams si\u016blomas platus ital\u0173 ir angl\u0173 kalb\u0173 kursas. Buvo sukurtos tarptautin\u0117s main\u0173 programos su 132 Europos institucijomis, keli universitetai, \u012fsik\u016br\u0119 ne ES \u0161alyse, pasira\u0161\u0117 dvi\u0161alius susitarimus su Macerata d\u0117l bendradarbiavimo mokymo ir mokslini\u0173 tyrim\u0173 srityje, taip pat sutartis d\u0117l student\u0173 main\u0173.<\/p>\n<p>UNIMC misija yra prisid\u0117ti prie \u017emoni\u0173 ir visuomen\u0117s vystymosi per prid\u0117tin\u0119 vert\u0119, kuri\u0105 socialiniai ir humanitariniai mokslai suteikia sud\u0117ting\u0173 socialini\u0173, ekonomini\u0173 ir politini\u0173 klausim\u0173 supratimui tarpdisciplininiu po\u017ei\u016briu.<\/p>\n<p>UNIMC gali b\u016bti apibr\u0117\u017eiama kaip \u012ftraukioji AMI d\u0117l koordinuot\u0173 ir tiksling\u0173 projekte \u201eInkliuzinis 3.0\u201c \u012fgyvendint\u0173 veiksm\u0173, kuriais siekiama paremti negali\u0105 turin\u010dius ir specifini\u0173 mokymosi sutrikim\u0173 turin\u010dius studentus. Jos veiksmai daugiausia susij\u0119 su: universitet\u0173 paslaug\u0173 ir \u012ftraukties politikos stiprinimu; ir proces\u0173, susijusi\u0173 su mokymo pagalba, mokymo tarpininkavimu ir vertinimu, stiprinimas.<\/p>\n<p>[\/et_pb_blurb][\/et_pb_column][et_pb_column type=&#8221;1_3&#8243; _builder_version=&#8221;4.24.2&#8243; _module_preset=&#8221;default&#8221; global_colors_info=&#8221;{}&#8221; theme_builder_area=&#8221;post_content&#8221;][et_pb_blurb title=&#8221;KMOP \u2013 \u0160vietimo ir inovacij\u0173 centras, Graikija&#8221; image=&#8221;https:\/\/www.pro-gendering.eu\/wp-content\/uploads\/2024\/04\/Education-Hub-logo-800&#215;500-1.png&#8221; _builder_version=&#8221;4.24.3&#8243; _module_preset=&#8221;default&#8221; header_font_size=&#8221;21px&#8221; header_line_height=&#8221;1.4em&#8221; body_font_size=&#8221;16px&#8221; link_option_url=&#8221;https:\/\/education-hub.kmop.org\/&#8221; link_option_url_new_window=&#8221;on&#8221; hover_enabled=&#8221;0&#8243; global_colors_info=&#8221;{}&#8221; theme_builder_area=&#8221;post_content&#8221; sticky_enabled=&#8221;0&#8243;]<\/p>\n<p>KMOP yra viena seniausi\u0173 Graikijos pilietin\u0117s visuomen\u0117s organizacij\u0173, turinti 45 met\u0173 patirt\u012f tiesiogiai teikiant socialines paslaugas ir \u012fgyvendinant socialines iniciatyvas remiant pa\u017eeid\u017eiamus asmenis.<\/p>\n<p>KMOP tiria ir analizuoja aktualius visuomen\u0117s i\u0161\u0161\u016bkius, siekdamas suprasti visuomen\u0119, si\u016blo novatori\u0161kas intervencijas, ugdo ir pl\u0117toja \u017einias, kaip spr\u0119sti socialines problemas, pagr\u012fstas s\u0105\u017einingumu, inovacijomis, tvarumu ir subalansuota pl\u0117tra. Ji aktyviai remia asmenis ir bendruomenes tiesiogiai teikdama socialines paslaugas ir \u0161vietimo galimybes, \u012fgyvendindama novatori\u0161kas iniciatyvas, atlikdama tyrimus ir kurdama paveiki\u0105 politik\u0105.<\/p>\n<p>Galutinis KMOP tikslas prisid\u0117ti prie veiksmingo socialin\u0117s politikos k\u016brimo ir vadovauti paveikioms programoms, kurios skatina asmens gerov\u0119, ma\u017eina nelygyb\u0119, \u0161alina pa\u017eeid\u017eiamum\u0105 ir skatina \u012ftrauk\u0173 bei tvar\u0173 socialin\u012f augim\u0105.<\/p>\n<p>Siekdama skatinti socialin\u0119 pa\u017eang\u0105 per \u0161vietim\u0105, KMOP Education Hub suk\u016br\u0117 \u012fvairias \u0161vietimo programas asmenims ir \u012fmon\u0117ms, padedan\u010dias jiems orientuotis savo socialin\u0117je ekosistemoje siekiant savo tiksl\u0173 ir prisid\u0117ti prie \u012ftraukesn\u0117s ir tvaresn\u0117s ateities.<\/p>\n<p>[\/et_pb_blurb][\/et_pb_column][et_pb_column type=&#8221;1_3&#8243; _builder_version=&#8221;4.24.2&#8243; _module_preset=&#8221;default&#8221; global_colors_info=&#8221;{}&#8221; theme_builder_area=&#8221;post_content&#8221;][et_pb_blurb title=&#8221;Spoleczna Akademija Naukas, Lenkija&#8221; image=&#8221;https:\/\/www.pro-gendering.eu\/wp-content\/uploads\/2024\/02\/spoleczna.jpg&#8221; _builder_version=&#8221;4.24.3&#8243; _module_preset=&#8221;default&#8221; header_font_size=&#8221;21px&#8221; header_line_height=&#8221;1.4em&#8221; body_font_size=&#8221;16px&#8221; link_option_url=&#8221;https:\/\/san.edu.pl\/&#8221; link_option_url_new_window=&#8221;on&#8221; hover_enabled=&#8221;0&#8243; global_colors_info=&#8221;{}&#8221; theme_builder_area=&#8221;post_content&#8221; sticky_enabled=&#8221;0&#8243;]<\/p>\n<p>Spo\u0142eczna Akademija Nauk \u2013 (SAN-University of Social Sciences) yra vienas i\u0161 pirmaujan\u010di\u0173 priva\u010di\u0173 universitet\u0173 Lenkijoje. 2004 m. buvo \u012fkurtas Verslumo ir ekonomin\u0117s pl\u0117tros tyrim\u0173 institutas \u2013 nepriklausomas mokslo padalinys, skatinantis student\u0173 inovacijas ir verslum\u0105 bei u\u017etikrinantis profesines \u017einias \u0161ioje srityje. SAN turi pla\u010di\u0105 prieig\u0105 prie asmen\u0173, norin\u010di\u0173 steigti savo \u012fmon\u0119 d\u0117l si\u016blom\u0173 studij\u0173 verslumo ir glaudaus bendradarbiavimo su daugybe verslo organizacij\u0173 ir tinkl\u0173. Universitetas yra peln\u0119s daugyb\u0119 apdovanojim\u0173 u\u017e ind\u0117l\u012f \u012f verslo pramon\u0119.<\/p>\n<p>Kaip verslo mokykla, SAN daug d\u0117mesio skiria tinkamam student\u0173 profesiniam orientavimui, taip pat j\u0173 potencialo rinkoje didinimui, ugdant verslumo nuostatas.<\/p>\n<p>Universitete veikia Saviugdos centras (profesinis konsultavimas, skirtas marginalizuotoms visuomen\u0117s grup\u0117ms) ir Akademinis karjeros biuras, kuris atlieka profesinio ir profesinio orientavimo vaidmen\u012f. SAN taip pat koordinavo ES projektus profesinio orientavimo srityje.<\/p>\n<p>[\/et_pb_blurb][\/et_pb_column][\/et_pb_row][et_pb_row column_structure=&#8221;1_3,1_3,1_3&#8243; use_custom_gutter=&#8221;on&#8221; gutter_width=&#8221;2&#8243; _builder_version=&#8221;4.24.2&#8243; _module_preset=&#8221;default&#8221; global_colors_info=&#8221;{}&#8221; theme_builder_area=&#8221;post_content&#8221;][et_pb_column type=&#8221;1_3&#8243; _builder_version=&#8221;4.24.2&#8243; _module_preset=&#8221;default&#8221; global_colors_info=&#8221;{}&#8221; theme_builder_area=&#8221;post_content&#8221;][et_pb_blurb title=&#8221;Vrije Universiteit Briuselis, Belgija&#8221; image=&#8221;https:\/\/www.pro-gendering.eu\/wp-content\/uploads\/2024\/02\/vrije.jpg&#8221; _builder_version=&#8221;4.24.3&#8243; _module_preset=&#8221;default&#8221; header_font_size=&#8221;21px&#8221; header_line_height=&#8221;1.4em&#8221; body_font_size=&#8221;16px&#8221; link_option_url=&#8221;https:\/\/www.vub.be\/en&#8221; link_option_url_new_window=&#8221;on&#8221; hover_enabled=&#8221;0&#8243; global_colors_info=&#8221;{}&#8221; theme_builder_area=&#8221;post_content&#8221; sticky_enabled=&#8221;0&#8243;]<\/p>\n<p>Nuo pat savo \u012fk\u016brimo 2003 m. Tarpdisciplinin\u0117 teis\u0117s, mokslo, technologij\u0173 ir visuomen\u0117s tyrim\u0173 grup\u0117 (LSTS) daugiausia d\u0117mesio skyr\u0117 teis\u0117s, mokslo, technologij\u0173, etikos ir visuomen\u0117s s\u0105ry\u0161iams, kaip atspirties ta\u0161k\u0105 remdamasi technologij\u0173 raida ir j\u0173 pasekm\u0117mis. Nors pagrindin\u0117 LSTS kompetencija yra teisin\u0117, ji taip pat turi daug patirties teis\u0117s teorijos, filosofijos (teis\u0117s, moksl\u0173 ir technologij\u0173) srityse ir ypa\u010d u\u017esiima kriminologijos (steb\u0117jimo ir saugumo), mokslo ir visuomen\u0117s tyrimais (STS).<\/p>\n<p>LSTS i\u0161augo ir tapo tarptautiniu mastu pripa\u017eintu kompetencijos centru tokiais klausimais kaip privatumas, duomen\u0173 apsaugos \u012fstatymai ir daug daugiau. Ji vienija \u012fsp\u016bding\u0105 tyr\u0117j\u0173 ir susijusi\u0173 tyr\u0117j\u0173 grup\u0119, prisideda prie daugyb\u0117s mokslini\u0173 tyrim\u0173 projekt\u0173 ir yra tvirtai \u012fsipareigojusi \u0161vietimui.<\/p>\n<p>VUB-LSTS dalyvauja keliuose projektuose, kuriuose sprend\u017eiami visuomen\u0117s, ly\u010di\u0173 ir privatumo aspektai, susij\u0119 inter alia su sveikatos prie\u017ei\u016bra, \u0161vietimu ir \u012fvairiomis IRT tyrim\u0173 sritimis.<\/p>\n<p>[\/et_pb_blurb][\/et_pb_column][et_pb_column type=&#8221;1_3&#8243; _builder_version=&#8221;4.24.2&#8243; _module_preset=&#8221;default&#8221; global_colors_info=&#8221;{}&#8221; theme_builder_area=&#8221;post_content&#8221;][et_pb_blurb title=&#8221;Mykolo Romerio Universitetas, Lietuva&#8221; image=&#8221;https:\/\/www.pro-gendering.eu\/wp-content\/uploads\/2024\/02\/mru.jpg&#8221; _builder_version=&#8221;4.24.3&#8243; _module_preset=&#8221;default&#8221; header_font_size=&#8221;21px&#8221; header_line_height=&#8221;1.4em&#8221; body_font_size=&#8221;16px&#8221; link_option_url=&#8221;https:\/\/www.mruni.eu\/&#8221; link_option_url_new_window=&#8221;on&#8221; hover_enabled=&#8221;0&#8243; global_colors_info=&#8221;{}&#8221; theme_builder_area=&#8221;post_content&#8221; sticky_enabled=&#8221;0&#8243;]<\/p>\n<p>Mykolas Romerio universitetas (MRU) yra socialini\u0173 moksl\u0173 ir tarpdisciplinini\u0173 tyrim\u0173 lyderis Lietuvoje. Remdamasis savo praktine patirtimi, MRU turi \u017eini\u0173, leid\u017eian\u010di\u0173 kurti holistinius ir bendradarbiavimo projektus bei sistemas, siekiant reaguoti \u012f nepatenkint\u0173 visuomen\u0117s teisini\u0173 ir socialini\u0173 poreiki\u0173 i\u0161\u0161\u016bkius.<\/p>\n<p>MRU kasmet per Socialini\u0173 inovacij\u0173 laboratorij\u0173 tinkl\u0105 \u012fgyvendina nema\u017eai tarptautini\u0173 ir nacionalini\u0173 studij\u0173 ir mokslo projekt\u0173 (vidutini\u0161kai apie 80 projekt\u0173 per metus).<\/p>\n<p>Internacionalizacija yra \u012ftraukta \u012f Universiteto strategij\u0105. MRU vizija orientuota \u012f tvar\u0173, \u017eali\u0105 universitet\u0105, verting\u0105 tiek Lietuvos visuomenei, tiek tarptautinei bendruomenei, teikiant\u012f tarptautin\u012f i\u0161silavinim\u0105 vienyb\u0117je su auk\u0161to lygio moksliniais tyrimais, ugdant\u012f auk\u0161tos kvalifikacijos absolventus valstyb\u0117s, darbo rinkos poreikiams, asmeniniam tobul\u0117jimui, sudaryti s\u0105lygas nuolatiniam asmeniniam mokymuisi ir taikant \u0161iuolaikinius vadybos principus Universiteto valdyme.<\/p>\n<p>MRU aktyviai dalyvauja pagrindin\u0117se tarptautin\u0117se organizacijose ir bendradarbiauja su daugiau nei 200 universitet\u0173, vie\u0161\u0173j\u0173 ir verslo subjekt\u0173, student\u0173 ir darbuotoj\u0173 main\u0173, tinkl\u0173 ir ES, nacionalin\u0117s ir tarptautin\u0117s programos, \u012fskaitant Erasmus+, H2020, NordPlus, COST.<\/p>\n<p>[\/et_pb_blurb][\/et_pb_column][et_pb_column type=&#8221;1_3&#8243; _builder_version=&#8221;4.24.2&#8243; _module_preset=&#8221;default&#8221; global_colors_info=&#8221;{}&#8221; theme_builder_area=&#8221;post_content&#8221;][et_pb_blurb title=&#8221;Ludwig-Maximilians-Universit\u00e4t M\u00fcnchen (LMU), Vokietija&#8221; image=&#8221;https:\/\/www.pro-gendering.eu\/wp-content\/uploads\/2024\/02\/LMY.jpg&#8221; _builder_version=&#8221;4.24.3&#8243; _module_preset=&#8221;default&#8221; header_font_size=&#8221;21px&#8221; header_line_height=&#8221;1.4em&#8221; body_font_size=&#8221;16px&#8221; link_option_url=&#8221;https:\/\/www.lmu.de\/de\/index.html&#8221; link_option_url_new_window=&#8221;on&#8221; hover_enabled=&#8221;0&#8243; global_colors_info=&#8221;{}&#8221; theme_builder_area=&#8221;post_content&#8221; sticky_enabled=&#8221;0&#8243;]<\/p>\n<p>Geschwister &#8211; Scholl-politologijos institutas (GSI) Ludwig-Maximilians-Universit\u00e4t Munich (LMU) yra vienas i\u0161 pirmaujan\u010di\u0173 politikos moksl\u0173 institut\u0173 Vokietijoje.<\/p>\n<p>Remiantis savo unikaliu palikimu, GSI yra vienas \u017einomiausi\u0173 politikos moksl\u0173 institut\u0173 visoje Europoje. GSI yra daugiau nei 70 d\u0117stytoj\u0173, kuri\u0173 stipendijos ir mokymas apima pagrindines politikos moksl\u0173 sritis. Kaip Federalin\u0117s vyriausyb\u0117s kompetencijos iniciatyvos gav\u0117jas, Ludwig-Maximilians-Universit\u00e4t, taigi ir Geschwister -Scholl-Institute of Political Science, si\u016blo stimuliuojan\u010di\u0105 aplink\u0105 moksliniams tyrimams ir studijoms. Jos administracija ir darbuotojai palaiko glaud\u017eius ry\u0161ius su daugeliu pirmaujan\u010di\u0173 akademini\u0173 institucij\u0173 visame pasaulyje.<\/p>\n<p>GSI puikiai apima visas pagrindines politikos moksl\u0173 sritis, tiek mokslini\u0173 tyrim\u0173, tiek mokymo srityse, nuo politikos teorijos iki politini\u0173 sistem\u0173 palyginimo, tarptautini\u0173 santyki\u0173, politikos moksl\u0173 metod\u0173 ir pilieti\u0161kumo ugdymo. Jis sujungia i\u0161skirtinius tyrimus su puikiomis studij\u0173 s\u0105lygomis ir geriausiais tarptautiniais kontaktais.<\/p>\n<p>Institutas yra \u012fsipareigoj\u0119s laikytis tolerancijos ir demokratijos pasaul\u0117\u017ei\u016bros, mokyti studentus vertybi\u0173 ir skatinti juos b\u016bti kriti\u0161kus.<\/p>\n<p>[\/et_pb_blurb][\/et_pb_column][\/et_pb_row][\/et_pb_section]<\/p>\n","protected":false},"excerpt":{"rendered":"<p>PartneriaiUNIMC, \u012fkurtas 1290 m., yra vienas seniausi\u0173 universitet\u0173 Europoje ir vienintelis universitetas Italijoje, kuriame daugiausia d\u0117mesio skiriama socialiniams ir ekonominiams bei humanitariniams mokslams. Studentams si\u016blomas platus ital\u0173 ir angl\u0173 kalb\u0173 kursas. Buvo sukurtos tarptautin\u0117s main\u0173 programos su 132 Europos institucijomis, keli universitetai, \u012fsik\u016br\u0119 ne ES \u0161alyse, pasira\u0161\u0117 dvi\u0161alius susitarimus su Macerata d\u0117l bendradarbiavimo mokymo ir [&hellip;]<\/p>\n","protected":false},"author":3,"featured_media":0,"parent":0,"menu_order":0,"comment_status":"closed","ping_status":"closed","template":"","meta":{"_et_pb_use_builder":"on","_et_pb_old_content":"","_et_gb_content_width":"","footnotes":""},"class_list":["post-593","page","type-page","status-publish","hentry"],"_links":{"self":[{"href":"https:\/\/www.pro-gendering.eu\/index.php?rest_route=\/wp\/v2\/pages\/593","targetHints":{"allow":["GET"]}}],"collection":[{"href":"https:\/\/www.pro-gendering.eu\/index.php?rest_route=\/wp\/v2\/pages"}],"about":[{"href":"https:\/\/www.pro-gendering.eu\/index.php?rest_route=\/wp\/v2\/types\/page"}],"author":[{"embeddable":true,"href":"https:\/\/www.pro-gendering.eu\/index.php?rest_route=\/wp\/v2\/users\/3"}],"replies":[{"embeddable":true,"href":"https:\/\/www.pro-gendering.eu\/index.php?rest_route=%2Fwp%2Fv2%2Fcomments&post=593"}],"version-history":[{"count":3,"href":"https:\/\/www.pro-gendering.eu\/index.php?rest_route=\/wp\/v2\/pages\/593\/revisions"}],"predecessor-version":[{"id":597,"href":"https:\/\/www.pro-gendering.eu\/index.php?rest_route=\/wp\/v2\/pages\/593\/revisions\/597"}],"wp:attachment":[{"href":"https:\/\/www.pro-gendering.eu\/index.php?rest_route=%2Fwp%2Fv2%2Fmedia&parent=593"}],"curies":[{"name":"wp","href":"https:\/\/api.w.org\/{rel}","templated":true}]}}